{"id":1259,"date":"2021-06-09T16:01:10","date_gmt":"2021-06-09T14:01:10","guid":{"rendered":"https:\/\/www.cech-zlotow.info\/www_new\/?page_id=1259"},"modified":"2021-06-16T13:13:13","modified_gmt":"2021-06-16T11:13:13","slug":"1259-2","status":"publish","type":"page","link":"https:\/\/www.cech-zlotow.info\/www_new\/1259-2\/","title":{"rendered":"Cukiernik"},"content":{"rendered":"\t\t<div data-elementor-type=\"wp-page\" data-elementor-id=\"1259\" class=\"elementor elementor-1259\" data-elementor-settings=\"[]\">\n\t\t\t\t\t\t\t<div class=\"elementor-section-wrap\">\n\t\t\t\t\t\t\t<section class=\"elementor-section elementor-top-section elementor-element elementor-element-986d0e1 elementor-section-boxed elementor-section-height-default elementor-section-height-default\" data-id=\"986d0e1\" data-element_type=\"section\">\n\t\t\t\t\t\t<div class=\"elementor-container elementor-column-gap-default\">\n\t\t\t\t\t<div class=\"elementor-column elementor-col-100 elementor-top-column elementor-element elementor-element-0376ffe\" data-id=\"0376ffe\" data-element_type=\"column\">\n\t\t\t<div class=\"elementor-widget-wrap elementor-element-populated\">\n\t\t\t\t\t\t\t\t<div class=\"elementor-element elementor-element-85d5f65 elementor-widget elementor-widget-heading\" data-id=\"85d5f65\" data-element_type=\"widget\" data-widget_type=\"heading.default\">\n\t\t\t\t<div class=\"elementor-widget-container\">\n\t\t\t<h5 class=\"elementor-heading-title elementor-size-default\">Pracodawcy szkol\u0105cy pracownik\u00f3w m\u0142odocianych w zawodzie:<\/h5>\t\t<\/div>\n\t\t\t\t<\/div>\n\t\t\t\t<div class=\"elementor-element elementor-element-73f56de elementor-widget elementor-widget-Table\" data-id=\"73f56de\" data-element_type=\"widget\" data-widget_type=\"Table.default\">\n\t\t\t\t<div class=\"elementor-widget-container\">\n\t\t\t\t\t<table class=\"tafe-table\">\n\t\t\t<thead  class=\"tafe-table-header\">\n\t\t\t\t<tr>\n\t\t\t\t\t<th class=\"elementor-inline-editing elementor-repeater-item-28e601c\"   >CUKIERNIK<\/th>\t\t\t\t<\/tr>\n\t\t\t<\/thead>\n\t\t\t<tbody class=\"tafe-table-body\">\n\t\t\t\t<tr>\n\t\t\t\t\t<\/tr><tr><td   class=\"elementor-repeater-item-2ffbf8a\" >CUKIERNICTWO s.c.\nJan Lewandowski, Ma\u0142gorzata Lewandowska-Walkowiak, Mariusz Walkowiak\nul. Woj. Polskiego 4,<br\/>\n77-400 Z\u0142ot\u00f3w\ntel. 67 263 29 15<\/td><\/tr><tr><td   class=\"elementor-repeater-item-fbcc508\" >\nCukiernia \u201eCAPRI\u201d\nAnna Tojza\nul. Wojska Polskiego 25,\n77-400 Z\u0142ot\u00f3w\ntel. 67 263 27 58<\/td><\/tr><tr><td   class=\"elementor-repeater-item-9c101c4\" >Cukiernia \u201eKRAINA S\u0141ODKO\u015aCI\u201d\nFranciszek Tomke\nul. Osma\u0144czyka 42,\n77-424 Zakrzewo\ntel. 67 266 73 69<\/td><\/tr><tr><td   class=\"elementor-repeater-item-cc042c7\" >PIEKARNIA-CUKIERNIA \u201eTUSCHIK\u201d Sp.j. ul. Gajowa 20, 77-420 Lipka tel. 67 266 52 54\n<\/td>\t\t\t\t<\/tr>\n\t\t\t<\/tbody>\n\t\t<\/table>\n\t\t\n\t\t\t\t<\/div>\n\t\t\t\t<\/div>\n\t\t\t\t\t<\/div>\n\t\t<\/div>\n\t\t\t\t\t\t\t<\/div>\n\t\t<\/section>\n\t\t\t\t\t\t<\/div>\n\t\t\t\t\t<\/div>\n\t\t","protected":false},"excerpt":{"rendered":"<p>Pracodawcy szkol\u0105cy pracownik\u00f3w m\u0142odocianych w zawodzie: CUKIERNIK CUKIERNICTWO s.c. Jan Lewandowski, Ma\u0142gorzata Lewandowska-Walkowiak, Mariusz Walkowiak ul. Woj. Polskiego 4, 77-400 Z\u0142ot\u00f3w tel. 67 263 29 15 Cukiernia \u201eCAPRI\u201d Anna Tojza ul. Wojska Polskiego 25, 77-400 Z\u0142ot\u00f3w tel. 67 263 27 58 Cukiernia \u201eKRAINA S\u0141ODKO\u015aCI\u201d Franciszek Tomke ul. Osma\u0144czyka 42, 77-424 [&hellip;]<\/p>\n","protected":false},"author":1,"featured_media":577,"parent":0,"menu_order":0,"comment_status":"closed","ping_status":"closed","template":"","meta":[],"_links":{"self":[{"href":"https:\/\/www.cech-zlotow.info\/www_new\/wp-json\/wp\/v2\/pages\/1259"}],"collection":[{"href":"https:\/\/www.cech-zlotow.info\/www_new\/wp-json\/wp\/v2\/pages"}],"about":[{"href":"https:\/\/www.cech-zlotow.info\/www_new\/wp-json\/wp\/v2\/types\/page"}],"author":[{"embeddable":true,"href":"https:\/\/www.cech-zlotow.info\/www_new\/wp-json\/wp\/v2\/users\/1"}],"replies":[{"embeddable":true,"href":"https:\/\/www.cech-zlotow.info\/www_new\/wp-json\/wp\/v2\/comments?post=1259"}],"version-history":[{"count":22,"href":"https:\/\/www.cech-zlotow.info\/www_new\/wp-json\/wp\/v2\/pages\/1259\/revisions"}],"predecessor-version":[{"id":1689,"href":"https:\/\/www.cech-zlotow.info\/www_new\/wp-json\/wp\/v2\/pages\/1259\/revisions\/1689"}],"wp:featuredmedia":[{"embeddable":true,"href":"https:\/\/www.cech-zlotow.info\/www_new\/wp-json\/wp\/v2\/media\/577"}],"wp:attachment":[{"href":"https:\/\/www.cech-zlotow.info\/www_new\/wp-json\/wp\/v2\/media?parent=1259"}],"curies":[{"name":"wp","href":"https:\/\/api.w.org\/{rel}","templated":true}]}}