{"id":1328,"date":"2021-06-14T09:50:58","date_gmt":"2021-06-14T07:50:58","guid":{"rendered":"https:\/\/www.cech-zlotow.info\/www_new\/?page_id=1328"},"modified":"2025-02-18T12:50:44","modified_gmt":"2025-02-18T11:50:44","slug":"elektryk","status":"publish","type":"page","link":"https:\/\/www.cech-zlotow.info\/www_new\/elektryk\/","title":{"rendered":"Elektryk"},"content":{"rendered":"\t\t<div data-elementor-type=\"wp-page\" data-elementor-id=\"1328\" class=\"elementor elementor-1328\" data-elementor-settings=\"[]\">\n\t\t\t\t\t\t\t<div class=\"elementor-section-wrap\">\n\t\t\t\t\t\t\t<section class=\"elementor-section elementor-top-section elementor-element elementor-element-61e5bf7b elementor-section-boxed elementor-section-height-default elementor-section-height-default\" data-id=\"61e5bf7b\" data-element_type=\"section\">\n\t\t\t\t\t\t<div class=\"elementor-container elementor-column-gap-default\">\n\t\t\t\t\t<div class=\"elementor-column elementor-col-100 elementor-top-column elementor-element elementor-element-6d2038b7\" data-id=\"6d2038b7\" data-element_type=\"column\">\n\t\t\t<div class=\"elementor-widget-wrap elementor-element-populated\">\n\t\t\t\t\t\t\t\t<div class=\"elementor-element elementor-element-9f6d15a elementor-widget elementor-widget-heading\" data-id=\"9f6d15a\" data-element_type=\"widget\" data-widget_type=\"heading.default\">\n\t\t\t\t<div class=\"elementor-widget-container\">\n\t\t\t<h5 class=\"elementor-heading-title elementor-size-default\">Pracodawcy szkol\u0105cy pracownik\u00f3w m\u0142odocianych w zawodzie:<\/h5>\t\t<\/div>\n\t\t\t\t<\/div>\n\t\t\t\t<div class=\"elementor-element elementor-element-05aeaa9 elementor-widget elementor-widget-Table\" data-id=\"05aeaa9\" data-element_type=\"widget\" data-widget_type=\"Table.default\">\n\t\t\t\t<div class=\"elementor-widget-container\">\n\t\t\t\t\t<table class=\"tafe-table\">\n\t\t\t<thead  class=\"tafe-table-header\">\n\t\t\t\t<tr>\n\t\t\t\t\t<th class=\"elementor-inline-editing elementor-repeater-item-2804d4e\"   >ELEKTRYK<\/th>\t\t\t\t<\/tr>\n\t\t\t<\/thead>\n\t\t\t<tbody class=\"tafe-table-body\">\n\t\t\t\t<tr>\n\t\t\t\t\t<\/tr><tr><td   class=\"elementor-repeater-item-c065696\" >ELEKTRON \nKrystian Brzezi\u0144ski\nW\u0105soszki 3a,\n77-430 Krajenka\ntel. 606 750 908\n<\/td><\/tr><tr><td   class=\"elementor-repeater-item-347e396\" >OMNIVENT Sp. z o.o.\nul. S\u0119pole\u0144ska 20,\n77-420 Lipka\ntel. 67 266 54 02<\/td><\/tr><tr><td   class=\"elementor-repeater-item-99b7373\" >ELEKTROINSTAL\nKelich Szymon\nStara Wi\u015bniewka 18\n77-424 Zakrzewo\ntel. 609 188 686<\/td><\/tr><tr><td   class=\"elementor-repeater-item-11c5c74\" >ELEKTROROZRUCH\nPrzemys\u0142aw Klim\n\u015awi\u0119ta 78,\n77-400 Z\u0142ot\u00f3w\ntel. 726 716 102<\/td><\/tr><tr><td   class=\"elementor-repeater-item-53aa6da\" >EXPERT \nRobert Kowalski\nul. Kr. Jadwigi 36, \n77-400 Z\u0142ot\u00f3w\ntel. 67 265 09 19<\/td><\/tr><tr><td   class=\"elementor-repeater-item-f8b304e\" >Us\u0142ugi Elektryczne\nMarek Kwiatkowski\nTrzebo\u0144, 2, 89-310 \u0141ob\u017cenica\ntel. 510 552 751<\/td><\/tr><tr><td   class=\"elementor-repeater-item-5f89212\" >Zak\u0142ad Us\u0142ug Elektrycznych ELEKTROINSTALATOR KUCHARCZYK\nmgr in\u017c. Karol Kucharczyk\nul. Jeziorna 24,\n77-400 Z\u0142ot\u00f3w<br\/>\ntel. 608 017 145<\/td><\/tr><tr><td   class=\"elementor-repeater-item-de64657\" >Us\u0142ugowy Zak\u0142ad Elektryczny\nDariusz Leszczy\u0144ski\nPtusza 25,\n77-416 Tarn\u00f3wka\ntel. 605 554 552<\/td><\/tr><tr><td   class=\"elementor-repeater-item-6c88515\" >ELEKTRO-INSTAL\nMicha\u0142 Rakowski\nul. Jedno\u015bci Robotniczej 10,\n64-915 Jastrowie\ntel. 696 436 774<\/td><\/tr><tr><td   class=\"elementor-repeater-item-01cf023\" >\u201eREDOM\u201d Banach i Suchy Sp. j.\nul. Osma\u0144czyka 25,\n77-424 Zakrzewo\ntel. 602 754 703<\/td><\/tr><tr><td   class=\"elementor-repeater-item-0b56dac\" >Przedsi\u0119biorstwo Wielobran\u017cowe \u201eGT-ELECTRIC\u201d\nGrzegorz Trojanowski\nul. Spacerowa 10,\n77-400 Bl\u0119kwit\ntel. 692 015 010<\/td><\/tr><tr><td   class=\"elementor-repeater-item-bc4edf9\" >Us\u0142ugi Elektroinstalacyjne\nZdzis\u0142aw Urba\u0144ski\nul. \u015alusarska 8,\n77-400 Z\u0142ot\u00f3w\ntel. 606 739 276<\/td><\/tr><tr><td   class=\"elementor-repeater-item-c8081be\" >HANDEL I US\u0141UGI\nMiros\u0142aw Sik\nD\u017awierszno Ma\u0142e 52A, \n89-310 \u0141ob\u017cenica\ntel. 605 691 724<\/td>\t\t\t\t<\/tr>\n\t\t\t<\/tbody>\n\t\t<\/table>\n\t\t\n\t\t\t\t<\/div>\n\t\t\t\t<\/div>\n\t\t\t\t\t<\/div>\n\t\t<\/div>\n\t\t\t\t\t\t\t<\/div>\n\t\t<\/section>\n\t\t\t\t\t\t<\/div>\n\t\t\t\t\t<\/div>\n\t\t","protected":false},"excerpt":{"rendered":"<p>Pracodawcy szkol\u0105cy pracownik\u00f3w m\u0142odocianych w zawodzie: ELEKTRYK ELEKTRON Krystian Brzezi\u0144ski W\u0105soszki 3a, 77-430 Krajenka tel. 606 750 908 OMNIVENT Sp. z o.o. ul. S\u0119pole\u0144ska 20, 77-420 Lipka tel. 67 266 54 02 ELEKTROINSTAL Kelich Szymon Stara Wi\u015bniewka 18 77-424 Zakrzewo tel. 609 188 686 ELEKTROROZRUCH Przemys\u0142aw Klim \u015awi\u0119ta 78, 77-400 [&hellip;]<\/p>\n","protected":false},"author":1,"featured_media":626,"parent":0,"menu_order":0,"comment_status":"closed","ping_status":"closed","template":"","meta":[],"_links":{"self":[{"href":"https:\/\/www.cech-zlotow.info\/www_new\/wp-json\/wp\/v2\/pages\/1328"}],"collection":[{"href":"https:\/\/www.cech-zlotow.info\/www_new\/wp-json\/wp\/v2\/pages"}],"about":[{"href":"https:\/\/www.cech-zlotow.info\/www_new\/wp-json\/wp\/v2\/types\/page"}],"author":[{"embeddable":true,"href":"https:\/\/www.cech-zlotow.info\/www_new\/wp-json\/wp\/v2\/users\/1"}],"replies":[{"embeddable":true,"href":"https:\/\/www.cech-zlotow.info\/www_new\/wp-json\/wp\/v2\/comments?post=1328"}],"version-history":[{"count":35,"href":"https:\/\/www.cech-zlotow.info\/www_new\/wp-json\/wp\/v2\/pages\/1328\/revisions"}],"predecessor-version":[{"id":2998,"href":"https:\/\/www.cech-zlotow.info\/www_new\/wp-json\/wp\/v2\/pages\/1328\/revisions\/2998"}],"wp:featuredmedia":[{"embeddable":true,"href":"https:\/\/www.cech-zlotow.info\/www_new\/wp-json\/wp\/v2\/media\/626"}],"wp:attachment":[{"href":"https:\/\/www.cech-zlotow.info\/www_new\/wp-json\/wp\/v2\/media?parent=1328"}],"curies":[{"name":"wp","href":"https:\/\/api.w.org\/{rel}","templated":true}]}}