{"id":1360,"date":"2021-06-14T10:18:19","date_gmt":"2021-06-14T08:18:19","guid":{"rendered":"https:\/\/www.cech-zlotow.info\/www_new\/?page_id=1360"},"modified":"2021-06-16T13:48:29","modified_gmt":"2021-06-16T11:48:29","slug":"kominiarz","status":"publish","type":"page","link":"https:\/\/www.cech-zlotow.info\/www_new\/kominiarz\/","title":{"rendered":"Kominiarz"},"content":{"rendered":"\t\t<div data-elementor-type=\"wp-page\" data-elementor-id=\"1360\" class=\"elementor elementor-1360\" data-elementor-settings=\"[]\">\n\t\t\t\t\t\t\t<div class=\"elementor-section-wrap\">\n\t\t\t\t\t\t\t<section class=\"elementor-section elementor-top-section elementor-element elementor-element-538e7a7a elementor-section-boxed elementor-section-height-default elementor-section-height-default\" data-id=\"538e7a7a\" data-element_type=\"section\">\n\t\t\t\t\t\t<div class=\"elementor-container elementor-column-gap-default\">\n\t\t\t\t\t<div class=\"elementor-column elementor-col-100 elementor-top-column elementor-element elementor-element-288002e5\" data-id=\"288002e5\" data-element_type=\"column\">\n\t\t\t<div class=\"elementor-widget-wrap elementor-element-populated\">\n\t\t\t\t\t\t\t\t<div class=\"elementor-element elementor-element-8322faa elementor-widget elementor-widget-heading\" data-id=\"8322faa\" data-element_type=\"widget\" data-widget_type=\"heading.default\">\n\t\t\t\t<div class=\"elementor-widget-container\">\n\t\t\t<h5 class=\"elementor-heading-title elementor-size-default\">Pracodawcy szkol\u0105cy pracownik\u00f3w m\u0142odocianych w zawodzie:<\/h5>\t\t<\/div>\n\t\t\t\t<\/div>\n\t\t\t\t<div class=\"elementor-element elementor-element-229f07e elementor-widget elementor-widget-Table\" data-id=\"229f07e\" data-element_type=\"widget\" data-widget_type=\"Table.default\">\n\t\t\t\t<div class=\"elementor-widget-container\">\n\t\t\t\t\t<table class=\"tafe-table\">\n\t\t\t<thead  class=\"tafe-table-header\">\n\t\t\t\t<tr>\n\t\t\t\t\t<th class=\"elementor-inline-editing elementor-repeater-item-2938977\"   >KOMINIARZ<\/th>\t\t\t\t<\/tr>\n\t\t\t<\/thead>\n\t\t\t<tbody class=\"tafe-table-body\">\n\t\t\t\t<tr>\n\t\t\t\t\t<td   class=\"elementor-repeater-item-d75278d\" >Zak\u0142ad Us\u0142ug Kominiarskich\nJan Szczepaniak\nSzczerbin 12,\n89-310 \u0141ob\u017cenica\ntel. 601 477 006<\/td>\t\t\t\t<\/tr>\n\t\t\t<\/tbody>\n\t\t<\/table>\n\t\t\n\t\t\t\t<\/div>\n\t\t\t\t<\/div>\n\t\t\t\t\t<\/div>\n\t\t<\/div>\n\t\t\t\t\t\t\t<\/div>\n\t\t<\/section>\n\t\t\t\t\t\t<\/div>\n\t\t\t\t\t<\/div>\n\t\t","protected":false},"excerpt":{"rendered":"<p>Pracodawcy szkol\u0105cy pracownik\u00f3w m\u0142odocianych w zawodzie: KOMINIARZ Zak\u0142ad Us\u0142ug Kominiarskich Jan Szczepaniak Szczerbin 12, 89-310 \u0141ob\u017cenica tel. 601 477 006<\/p>\n","protected":false},"author":1,"featured_media":639,"parent":0,"menu_order":0,"comment_status":"closed","ping_status":"closed","template":"","meta":[],"_links":{"self":[{"href":"https:\/\/www.cech-zlotow.info\/www_new\/wp-json\/wp\/v2\/pages\/1360"}],"collection":[{"href":"https:\/\/www.cech-zlotow.info\/www_new\/wp-json\/wp\/v2\/pages"}],"about":[{"href":"https:\/\/www.cech-zlotow.info\/www_new\/wp-json\/wp\/v2\/types\/page"}],"author":[{"embeddable":true,"href":"https:\/\/www.cech-zlotow.info\/www_new\/wp-json\/wp\/v2\/users\/1"}],"replies":[{"embeddable":true,"href":"https:\/\/www.cech-zlotow.info\/www_new\/wp-json\/wp\/v2\/comments?post=1360"}],"version-history":[{"count":16,"href":"https:\/\/www.cech-zlotow.info\/www_new\/wp-json\/wp\/v2\/pages\/1360\/revisions"}],"predecessor-version":[{"id":1716,"href":"https:\/\/www.cech-zlotow.info\/www_new\/wp-json\/wp\/v2\/pages\/1360\/revisions\/1716"}],"wp:featuredmedia":[{"embeddable":true,"href":"https:\/\/www.cech-zlotow.info\/www_new\/wp-json\/wp\/v2\/media\/639"}],"wp:attachment":[{"href":"https:\/\/www.cech-zlotow.info\/www_new\/wp-json\/wp\/v2\/media?parent=1360"}],"curies":[{"name":"wp","href":"https:\/\/api.w.org\/{rel}","templated":true}]}}