{"id":1381,"date":"2021-06-14T10:24:44","date_gmt":"2021-06-14T08:24:44","guid":{"rendered":"https:\/\/www.cech-zlotow.info\/www_new\/?page_id=1381"},"modified":"2021-06-16T13:49:34","modified_gmt":"2021-06-16T11:49:34","slug":"lakiernik-samochodowy","status":"publish","type":"page","link":"https:\/\/www.cech-zlotow.info\/www_new\/lakiernik-samochodowy\/","title":{"rendered":"Lakiernik samochodowy"},"content":{"rendered":"\t\t<div data-elementor-type=\"wp-page\" data-elementor-id=\"1381\" class=\"elementor elementor-1381\" data-elementor-settings=\"[]\">\n\t\t\t\t\t\t\t<div class=\"elementor-section-wrap\">\n\t\t\t\t\t\t\t<section class=\"elementor-section elementor-top-section elementor-element elementor-element-2fda11be elementor-section-boxed elementor-section-height-default elementor-section-height-default\" data-id=\"2fda11be\" data-element_type=\"section\">\n\t\t\t\t\t\t<div class=\"elementor-container elementor-column-gap-default\">\n\t\t\t\t\t<div class=\"elementor-column elementor-col-100 elementor-top-column elementor-element elementor-element-3da7323f\" data-id=\"3da7323f\" data-element_type=\"column\">\n\t\t\t<div class=\"elementor-widget-wrap elementor-element-populated\">\n\t\t\t\t\t\t\t\t<div class=\"elementor-element elementor-element-707c5a3 elementor-widget elementor-widget-heading\" data-id=\"707c5a3\" data-element_type=\"widget\" data-widget_type=\"heading.default\">\n\t\t\t\t<div class=\"elementor-widget-container\">\n\t\t\t<h5 class=\"elementor-heading-title elementor-size-default\">Pracodawcy szkol\u0105cy pracownik\u00f3w m\u0142odocianych w zawodzie:<\/h5>\t\t<\/div>\n\t\t\t\t<\/div>\n\t\t\t\t<div class=\"elementor-element elementor-element-97ac0c8 elementor-widget elementor-widget-Table\" data-id=\"97ac0c8\" data-element_type=\"widget\" data-widget_type=\"Table.default\">\n\t\t\t\t<div class=\"elementor-widget-container\">\n\t\t\t\t\t<table class=\"tafe-table\">\n\t\t\t<thead  class=\"tafe-table-header\">\n\t\t\t\t<tr>\n\t\t\t\t\t<th class=\"elementor-inline-editing elementor-repeater-item-3041b44\"   >LAKIERNIK<\/th>\t\t\t\t<\/tr>\n\t\t\t<\/thead>\n\t\t\t<tbody class=\"tafe-table-body\">\n\t\t\t\t<tr>\n\t\t\t\t\t<td   class=\"elementor-repeater-item-3b5334c\" >Zak\u0142ad Us\u0142ugowo-Handlowy \u201eAuto-Gumi-Lak\u201d\nMarek Kowalski\nul. Dworcowa 21,\n77-424 Zakrzewo\ntel. 67 266 70 62<\/td><\/tr><tr><td   class=\"elementor-repeater-item-26f90ef\" >AUTO KOSMETYKA\nJan Kluczka\nul. Spokojna 28,\n77-420 Lipka\ntel. 696 857 697<\/td>\t\t\t\t<\/tr>\n\t\t\t<\/tbody>\n\t\t<\/table>\n\t\t\n\t\t\t\t<\/div>\n\t\t\t\t<\/div>\n\t\t\t\t\t<\/div>\n\t\t<\/div>\n\t\t\t\t\t\t\t<\/div>\n\t\t<\/section>\n\t\t\t\t\t\t<\/div>\n\t\t\t\t\t<\/div>\n\t\t","protected":false},"excerpt":{"rendered":"<p>Pracodawcy szkol\u0105cy pracownik\u00f3w m\u0142odocianych w zawodzie: LAKIERNIK Zak\u0142ad Us\u0142ugowo-Handlowy \u201eAuto-Gumi-Lak\u201d Marek Kowalski ul. Dworcowa 21, 77-424 Zakrzewo tel. 67 266 70 62 AUTO KOSMETYKA Jan Kluczka ul. Spokojna 28, 77-420 Lipka tel. 696 857 697<\/p>\n","protected":false},"author":1,"featured_media":580,"parent":0,"menu_order":0,"comment_status":"closed","ping_status":"closed","template":"","meta":[],"_links":{"self":[{"href":"https:\/\/www.cech-zlotow.info\/www_new\/wp-json\/wp\/v2\/pages\/1381"}],"collection":[{"href":"https:\/\/www.cech-zlotow.info\/www_new\/wp-json\/wp\/v2\/pages"}],"about":[{"href":"https:\/\/www.cech-zlotow.info\/www_new\/wp-json\/wp\/v2\/types\/page"}],"author":[{"embeddable":true,"href":"https:\/\/www.cech-zlotow.info\/www_new\/wp-json\/wp\/v2\/users\/1"}],"replies":[{"embeddable":true,"href":"https:\/\/www.cech-zlotow.info\/www_new\/wp-json\/wp\/v2\/comments?post=1381"}],"version-history":[{"count":22,"href":"https:\/\/www.cech-zlotow.info\/www_new\/wp-json\/wp\/v2\/pages\/1381\/revisions"}],"predecessor-version":[{"id":1722,"href":"https:\/\/www.cech-zlotow.info\/www_new\/wp-json\/wp\/v2\/pages\/1381\/revisions\/1722"}],"wp:featuredmedia":[{"embeddable":true,"href":"https:\/\/www.cech-zlotow.info\/www_new\/wp-json\/wp\/v2\/media\/580"}],"wp:attachment":[{"href":"https:\/\/www.cech-zlotow.info\/www_new\/wp-json\/wp\/v2\/media?parent=1381"}],"curies":[{"name":"wp","href":"https:\/\/api.w.org\/{rel}","templated":true}]}}