{"id":1406,"date":"2021-06-14T10:40:06","date_gmt":"2021-06-14T08:40:06","guid":{"rendered":"https:\/\/www.cech-zlotow.info\/www_new\/?page_id=1406"},"modified":"2026-03-31T10:37:01","modified_gmt":"2026-03-31T08:37:01","slug":"mechanik-pojazdow-samochodowych","status":"publish","type":"page","link":"https:\/\/www.cech-zlotow.info\/www_new\/mechanik-pojazdow-samochodowych\/","title":{"rendered":"Mechanik pojazd\u00f3w samochodowych"},"content":{"rendered":"\t\t<div data-elementor-type=\"wp-page\" data-elementor-id=\"1406\" class=\"elementor elementor-1406\" data-elementor-settings=\"[]\">\n\t\t\t\t\t\t\t<div class=\"elementor-section-wrap\">\n\t\t\t\t\t\t\t<section class=\"elementor-section elementor-top-section elementor-element elementor-element-7a01e0d9 elementor-section-boxed elementor-section-height-default elementor-section-height-default\" data-id=\"7a01e0d9\" data-element_type=\"section\">\n\t\t\t\t\t\t<div class=\"elementor-container elementor-column-gap-default\">\n\t\t\t\t\t<div class=\"elementor-column elementor-col-100 elementor-top-column elementor-element elementor-element-2413e801\" data-id=\"2413e801\" data-element_type=\"column\">\n\t\t\t<div class=\"elementor-widget-wrap elementor-element-populated\">\n\t\t\t\t\t\t\t\t<div class=\"elementor-element elementor-element-88e6625 elementor-widget elementor-widget-heading\" data-id=\"88e6625\" data-element_type=\"widget\" data-widget_type=\"heading.default\">\n\t\t\t\t<div class=\"elementor-widget-container\">\n\t\t\t<h5 class=\"elementor-heading-title elementor-size-default\">Pracodawcy szkol\u0105cy pracownik\u00f3w m\u0142odocianych w zawodzie:<\/h5>\t\t<\/div>\n\t\t\t\t<\/div>\n\t\t\t\t<div class=\"elementor-element elementor-element-f690557 elementor-widget elementor-widget-Table\" data-id=\"f690557\" data-element_type=\"widget\" data-widget_type=\"Table.default\">\n\t\t\t\t<div class=\"elementor-widget-container\">\n\t\t\t\t\t<table class=\"tafe-table\">\n\t\t\t<thead  class=\"tafe-table-header\">\n\t\t\t\t<tr>\n\t\t\t\t\t<th class=\"elementor-inline-editing elementor-repeater-item-8044530\"   >MECHANIK POJAZD\u00d3W SAMOCHODOWYCH<\/th>\t\t\t\t<\/tr>\n\t\t\t<\/thead>\n\t\t\t<tbody class=\"tafe-table-body\">\n\t\t\t\t<tr>\n\t\t\t\t\t<\/tr><tr><td   class=\"elementor-repeater-item-baa1ff3\" >AUTO-BIS s.c.\nPawe\u0142 Bury, Piotr Braun, Bogdan Paluszkiewicz\nul. Powsta\u0144c\u00f3w 4,\n77-400 Z\u0142ot\u00f3w\ntel. 660 061 012<\/td><\/tr><tr><td   class=\"elementor-repeater-item-16e2689\" >Przedsi\u0119biorstwo Wielobran\u017cowe \u201eAUTO-CENTRUM\u201d Us\u0142ugi i Handel\nKarol Chylewski\nul. Rzemie\u015blnicza 1,\n89-310 \u0141ob\u017cenica<br\/>\ntel. 67 286 01 56<\/td><\/tr><tr><td   class=\"elementor-repeater-item-0772650\" >AUTO-NAPRAWA\nPawe\u0142 Chlebu\u015b\nul. Gda\u0144ska 37,\n64-915 Jastrowie\ntel. 502 713 262<\/td><\/tr><tr><td   class=\"elementor-repeater-item-457496a\" >GUM-WAR Transport i Mechanika Pojazdowa\nPiotr Chrzan\nul. Pozna\u0144ska 9,\n64-965 Okonek\ntel. 691 309 506<\/td><\/tr><tr><td   class=\"elementor-repeater-item-7345d56\" >WARSZTAT SAMOCHODOWY\nWaldemar Drobczy\u0144ski\nul. Harcerska 33h,\n77-420 Lipka\ntel. 530 406 997<\/td><\/tr><tr><td   class=\"elementor-repeater-item-5f4293e\" >Mechanika Pojazdowa \nKrzysztof Falba\nul. Piaskowa 4, 77-400 Z\u0142ot\u00f3w\ntel. 608 385 037<\/td><\/tr><tr><td   class=\"elementor-repeater-item-2bd7b8d\" >MECHANIKA POJAZDOWA\nGrzegorz Filipiak\nG\u0142ubczyn 35,\n77-430 Krajenka\ntel. 604 962 531<\/td><\/tr><tr><td   class=\"elementor-repeater-item-f3ab4db\" >Us\u0142ugowy Zak\u0142ad Mechaniki Pojazdowej\nSebastian Gabriel\nul. Witosa 4,\n77-424 Zakrzewo\ntel. 791 247 402<\/td><\/tr><tr><td   class=\"elementor-repeater-item-70be147\" >AUTOSIEMION Wojciech Grod\nul. Sikorskiego 2,\n77-424 Zakrzewo\ntel. 694 879 588<\/td><\/tr><tr><td   class=\"elementor-repeater-item-0fec651\" >\u201eAUTO-GRUBA\u201d s.c.\nAnna Gruba, Grzegorz Gruba\nul. Pla\u017cowa 8,\n77-400 Z\u0142ot\u00f3w\ntel. 67 265 27 60<\/td><\/tr><tr><td   class=\"elementor-repeater-item-334f0c9\" >Zak\u0142ad Mechaniki Pojazdowej\nPiotr Grzelak\nul. \u0141owiecka 29,\n77-400 Z\u0142ot\u00f3w\ntel. 608 742 799<\/td><\/tr><tr><td   class=\"elementor-repeater-item-03765e7\" >MECHANIK \nPiotr Hallek\nul. Sportowa 6,\n77-424 Zakrzewo\ntel. 604 172 123<\/td><\/tr><tr><td   class=\"elementor-repeater-item-bbfd071\" >AUTO-TRONIC\nPiotr Koby\u0142ka\nul. Z\u0142otowska 50,\n77-430 Krajenka\ntel. 888 354 045<\/td><\/tr><tr><td   class=\"elementor-repeater-item-ac9dc82\" >Z.U.H.P. Mechaniki Pojazdowej \u201eAuto-Kompleks-Lak\u201d\nPiotr Kowalski\nul. M. M. G\u0105szczak 20,\n77-424 Zakrzewo\ntel. 608 479 567<\/td><\/tr><tr><td   class=\"elementor-repeater-item-b5e3123\" >Mechanika Pojazdowa V-TRONIC\nPawe\u0142 Kowalczyk\nul. Rzemie\u015blnicza 39,\n77-400 Z\u0142ot\u00f3w\ntel. 509 487 333<\/td><\/tr><tr><td   class=\"elementor-repeater-item-f0d6648\" >KM SERWIS Maszyny Budowlane\nMariusz Kubiak\nul. Pozna\u0144ska 35,\n64-915 Jastrowie\ntel. 600 192 039<\/td><\/tr><tr><td   class=\"elementor-repeater-item-6ef8528\" >DIESEL-SERWIS \nPiotr Manikowski\nul. Cz\u0142uchowska 7,\n77-424 Zakrzewo\ntel. 67 266 72 91<\/td><\/tr><tr><td   class=\"elementor-repeater-item-08d16b7\" >Firma Motoryzacyjna \u201eWERRA\u201d\nAndrzej Misiak\nul. Boczna 9,\n77-400 Z\u0142ot\u00f3w\ntel. 67 263 33 26<\/td><\/tr><tr><td   class=\"elementor-repeater-item-116b9ee\" >AUTO-MACIEK\nMaciej Noculak\nul. Jastrowska 104,\n77-400 Z\u0142ot\u00f3w\ntel. 67 265 17 70<\/td><\/tr><tr><td   class=\"elementor-repeater-item-fe6d91c\" >AUTO-MOTO SOSNOWSKI\nJolanta Olszewska\nul. Z\u0142otowska 62,\n77-430 Krajenka\ntel. 67 263 81 56<\/td><\/tr><tr><td   class=\"elementor-repeater-item-4a3c914\" >Firma Us\u0142ugowo \u2013 Handlowa \u201eAUTO-PROFIL\u201d\nArtur Pacyk\nul. Jeziorna 131,\n77-400 Z\u0142ot\u00f3w\ntel. 604 402 650<\/td><\/tr><tr><td   class=\"elementor-repeater-item-a958663\" >Zak\u0142ad Mechaniki Pojazdowej\nKrzysztof Pikulik \nul. Z\u0142otowska 23B\/9,\n89-310 \u0141ob\u017cenica\ntel. 781 300 204<\/td><\/tr><tr><td   class=\"elementor-repeater-item-53ad256\" >POMOC DROGOWA Mechanika-Blacharstwo-Lakiernictwo\nRoman Rudawski\nul. Chojnicka 8,\n77-400 Z\u0142ot\u00f3w\ntel. 67 265 00 00<\/td><\/tr><tr><td   class=\"elementor-repeater-item-0d3b97a\" >\u201eAUTO-MOTO\u201d Zak\u0142ad Us\u0142ugowo-Handlowy\nHenryk Sosnowski\nul. Ks. Antoniego Januszewskiego 11,\n77-430 Krajenka<br\/>\ntel. 67 263 81 56<\/td><\/tr><tr><td   class=\"elementor-repeater-item-668857d\" >\u201eAUTO-PARK\u201d\nZofia Szcze\u015bniak\nul. Norwida 9\n77-400 Z\u0142ot\u00f3w,\ntel. 67 263 40 10<\/td><\/tr><tr><td   class=\"elementor-repeater-item-e9ea293\" >WULKAN-ZEBR\nMaciej Zabrocki\nul. Sienkiewicza 7,\n77-400 Z\u0142ot\u00f3w\ntel. 694 974 238<\/td>\t\t\t\t<\/tr>\n\t\t\t<\/tbody>\n\t\t<\/table>\n\t\t\n\t\t\t\t<\/div>\n\t\t\t\t<\/div>\n\t\t\t\t\t<\/div>\n\t\t<\/div>\n\t\t\t\t\t\t\t<\/div>\n\t\t<\/section>\n\t\t\t\t\t\t<\/div>\n\t\t\t\t\t<\/div>\n\t\t","protected":false},"excerpt":{"rendered":"<p>Pracodawcy szkol\u0105cy pracownik\u00f3w m\u0142odocianych w zawodzie: MECHANIK POJAZD\u00d3W SAMOCHODOWYCH AUTO-BIS s.c. Pawe\u0142 Bury, Piotr Braun, Bogdan Paluszkiewicz ul. Powsta\u0144c\u00f3w 4, 77-400 Z\u0142ot\u00f3w tel. 660 061 012 Przedsi\u0119biorstwo Wielobran\u017cowe \u201eAUTO-CENTRUM\u201d Us\u0142ugi i Handel Karol Chylewski ul. Rzemie\u015blnicza 1, 89-310 \u0141ob\u017cenica tel. 67 286 01 56 AUTO-NAPRAWA Pawe\u0142 Chlebu\u015b ul. Gda\u0144ska 37, [&hellip;]<\/p>\n","protected":false},"author":1,"featured_media":685,"parent":0,"menu_order":0,"comment_status":"closed","ping_status":"closed","template":"","meta":[],"_links":{"self":[{"href":"https:\/\/www.cech-zlotow.info\/www_new\/wp-json\/wp\/v2\/pages\/1406"}],"collection":[{"href":"https:\/\/www.cech-zlotow.info\/www_new\/wp-json\/wp\/v2\/pages"}],"about":[{"href":"https:\/\/www.cech-zlotow.info\/www_new\/wp-json\/wp\/v2\/types\/page"}],"author":[{"embeddable":true,"href":"https:\/\/www.cech-zlotow.info\/www_new\/wp-json\/wp\/v2\/users\/1"}],"replies":[{"embeddable":true,"href":"https:\/\/www.cech-zlotow.info\/www_new\/wp-json\/wp\/v2\/comments?post=1406"}],"version-history":[{"count":58,"href":"https:\/\/www.cech-zlotow.info\/www_new\/wp-json\/wp\/v2\/pages\/1406\/revisions"}],"predecessor-version":[{"id":3430,"href":"https:\/\/www.cech-zlotow.info\/www_new\/wp-json\/wp\/v2\/pages\/1406\/revisions\/3430"}],"wp:featuredmedia":[{"embeddable":true,"href":"https:\/\/www.cech-zlotow.info\/www_new\/wp-json\/wp\/v2\/media\/685"}],"wp:attachment":[{"href":"https:\/\/www.cech-zlotow.info\/www_new\/wp-json\/wp\/v2\/media?parent=1406"}],"curies":[{"name":"wp","href":"https:\/\/api.w.org\/{rel}","templated":true}]}}