{"id":1414,"date":"2021-06-14T10:49:55","date_gmt":"2021-06-14T08:49:55","guid":{"rendered":"https:\/\/www.cech-zlotow.info\/www_new\/?page_id=1414"},"modified":"2025-12-05T13:01:31","modified_gmt":"2025-12-05T12:01:31","slug":"monter-instalacji-i-urzadzen-sanitarnych","status":"publish","type":"page","link":"https:\/\/www.cech-zlotow.info\/www_new\/monter-instalacji-i-urzadzen-sanitarnych\/","title":{"rendered":"Monter instalacji i urz\u0105dze\u0144 sanitarnych"},"content":{"rendered":"\t\t<div data-elementor-type=\"wp-page\" data-elementor-id=\"1414\" class=\"elementor elementor-1414\" data-elementor-settings=\"[]\">\n\t\t\t\t\t\t\t<div class=\"elementor-section-wrap\">\n\t\t\t\t\t\t\t<section class=\"elementor-section elementor-top-section elementor-element elementor-element-652f9a29 elementor-section-boxed elementor-section-height-default elementor-section-height-default\" data-id=\"652f9a29\" data-element_type=\"section\">\n\t\t\t\t\t\t<div class=\"elementor-container elementor-column-gap-default\">\n\t\t\t\t\t<div class=\"elementor-column elementor-col-100 elementor-top-column elementor-element elementor-element-7cad721\" data-id=\"7cad721\" data-element_type=\"column\">\n\t\t\t<div class=\"elementor-widget-wrap elementor-element-populated\">\n\t\t\t\t\t\t\t\t<div class=\"elementor-element elementor-element-5769d9c elementor-widget elementor-widget-heading\" data-id=\"5769d9c\" data-element_type=\"widget\" data-widget_type=\"heading.default\">\n\t\t\t\t<div class=\"elementor-widget-container\">\n\t\t\t<h5 class=\"elementor-heading-title elementor-size-default\">Pracodawcy szkol\u0105cy pracownik\u00f3w m\u0142odocianych w zawodzie:<\/h5>\t\t<\/div>\n\t\t\t\t<\/div>\n\t\t\t\t<div class=\"elementor-element elementor-element-549d518 elementor-widget elementor-widget-Table\" data-id=\"549d518\" data-element_type=\"widget\" data-widget_type=\"Table.default\">\n\t\t\t\t<div class=\"elementor-widget-container\">\n\t\t\t\t\t<table class=\"tafe-table\">\n\t\t\t<thead  class=\"tafe-table-header\">\n\t\t\t\t<tr>\n\t\t\t\t\t<th class=\"elementor-inline-editing elementor-repeater-item-cb57585\"   >MONTER INSTALACJI I URZ\u0104DZE\u0143 SANITARNYCH<\/th>\t\t\t\t<\/tr>\n\t\t\t<\/thead>\n\t\t\t<tbody class=\"tafe-table-body\">\n\t\t\t\t<tr>\n\t\t\t\t\t<\/tr><tr><td   class=\"elementor-repeater-item-52847f5\" >Zak\u0142ad Instalacyjny CIEP\u0141O-GAZ\nRados\u0142aw Dr\u00f3bka\nKo\u015bcierzyn Ma\u0142y 43,\n89-310 \u0141ob\u017cenica\ntel. 600 223 214<\/td><\/tr><tr><td   class=\"elementor-repeater-item-9c39b8a\" >Zak\u0142ad Rob\u00f3t Instalacyjno-In\u017cynieryjnych HYDROPEX Sp. z o.o. Sp. k.\nul. Sosnowa 6,\n77-400 Z\u0142ot\u00f3w\ntel. 67 263 39 64<\/td><\/tr><tr><td   class=\"elementor-repeater-item-4c3c649\" >Us\u0142ugi Sanitarne i C.O. \u201eHALK\u201d\n\u0141ukasz Gniazdowski\nul. Bytomiak\u00f3w 2A,\n77-400 Z\u0142ot\u00f3w\ntel. 506 141 097<\/td><\/tr><tr><td   class=\"elementor-repeater-item-13ba16c\" >Instalatorstwo Sanitarne i Centralnego Ogrzewania \nDamian Marcin Kowalczyk\nul. Rzemie\u015blnicza 4, 77-400 Mi\u0119dzyb\u0142ocie tel. 603 481 282<\/td><\/tr><tr><td   class=\"elementor-repeater-item-39e31ec\" >HYDRO-SAN\nPiejek Piotr\nul. Obro\u0144c\u00f3w Warszawy 14\/2,\n77-400 Z\u0142ot\u00f3w\ntel. 785 491 976<\/td><\/tr><tr><td   class=\"elementor-repeater-item-5262549\" >P.H.U. HYDRO-MAR\nMariusz Ruta\nul. Narutowicza 9\n64-915 Jastrowie\ntel. 606 325 626<\/td><\/tr><tr><td   class=\"elementor-repeater-item-5075ae1\" >Zak\u0142ad Gospodarki Komunalnej i Mieszkaniowej w \u0141ob\u017cenicy Sp. z o.o.\nul. Wyrzyska 27a,\n89-310 \u0141ob\u017cenica\ntel. 67 286 00 17<\/td>\t\t\t\t<\/tr>\n\t\t\t<\/tbody>\n\t\t<\/table>\n\t\t\n\t\t\t\t<\/div>\n\t\t\t\t<\/div>\n\t\t\t\t\t<\/div>\n\t\t<\/div>\n\t\t\t\t\t\t\t<\/div>\n\t\t<\/section>\n\t\t\t\t\t\t<\/div>\n\t\t\t\t\t<\/div>\n\t\t","protected":false},"excerpt":{"rendered":"<p>Pracodawcy szkol\u0105cy pracownik\u00f3w m\u0142odocianych w zawodzie: MONTER INSTALACJI I URZ\u0104DZE\u0143 SANITARNYCH Zak\u0142ad Instalacyjny CIEP\u0141O-GAZ Rados\u0142aw Dr\u00f3bka Ko\u015bcierzyn Ma\u0142y 43, 89-310 \u0141ob\u017cenica tel. 600 223 214 Zak\u0142ad Rob\u00f3t Instalacyjno-In\u017cynieryjnych HYDROPEX Sp. z o.o. Sp. k. ul. Sosnowa 6, 77-400 Z\u0142ot\u00f3w tel. 67 263 39 64 Us\u0142ugi Sanitarne i C.O. \u201eHALK\u201d \u0141ukasz [&hellip;]<\/p>\n","protected":false},"author":1,"featured_media":689,"parent":0,"menu_order":0,"comment_status":"closed","ping_status":"closed","template":"","meta":[],"_links":{"self":[{"href":"https:\/\/www.cech-zlotow.info\/www_new\/wp-json\/wp\/v2\/pages\/1414"}],"collection":[{"href":"https:\/\/www.cech-zlotow.info\/www_new\/wp-json\/wp\/v2\/pages"}],"about":[{"href":"https:\/\/www.cech-zlotow.info\/www_new\/wp-json\/wp\/v2\/types\/page"}],"author":[{"embeddable":true,"href":"https:\/\/www.cech-zlotow.info\/www_new\/wp-json\/wp\/v2\/users\/1"}],"replies":[{"embeddable":true,"href":"https:\/\/www.cech-zlotow.info\/www_new\/wp-json\/wp\/v2\/comments?post=1414"}],"version-history":[{"count":25,"href":"https:\/\/www.cech-zlotow.info\/www_new\/wp-json\/wp\/v2\/pages\/1414\/revisions"}],"predecessor-version":[{"id":3324,"href":"https:\/\/www.cech-zlotow.info\/www_new\/wp-json\/wp\/v2\/pages\/1414\/revisions\/3324"}],"wp:featuredmedia":[{"embeddable":true,"href":"https:\/\/www.cech-zlotow.info\/www_new\/wp-json\/wp\/v2\/media\/689"}],"wp:attachment":[{"href":"https:\/\/www.cech-zlotow.info\/www_new\/wp-json\/wp\/v2\/media?parent=1414"}],"curies":[{"name":"wp","href":"https:\/\/api.w.org\/{rel}","templated":true}]}}