{"id":1422,"date":"2021-06-14T10:54:53","date_gmt":"2021-06-14T08:54:53","guid":{"rendered":"https:\/\/www.cech-zlotow.info\/www_new\/?page_id=1422"},"modified":"2026-03-19T11:26:08","modified_gmt":"2026-03-19T10:26:08","slug":"monter-zabudowy-i-robot-wykonczeniowych-w-budownictwie","status":"publish","type":"page","link":"https:\/\/www.cech-zlotow.info\/www_new\/monter-zabudowy-i-robot-wykonczeniowych-w-budownictwie\/","title":{"rendered":"Monter zabudowy i rob\u00f3t wyko\u0144czeniowych w budownictwie"},"content":{"rendered":"\t\t<div data-elementor-type=\"wp-page\" data-elementor-id=\"1422\" class=\"elementor elementor-1422\" data-elementor-settings=\"[]\">\n\t\t\t\t\t\t\t<div class=\"elementor-section-wrap\">\n\t\t\t\t\t\t\t<section class=\"elementor-section elementor-top-section elementor-element elementor-element-63a8f5be elementor-section-boxed elementor-section-height-default elementor-section-height-default\" data-id=\"63a8f5be\" data-element_type=\"section\">\n\t\t\t\t\t\t<div class=\"elementor-container elementor-column-gap-default\">\n\t\t\t\t\t<div class=\"elementor-column elementor-col-100 elementor-top-column elementor-element elementor-element-7260496e\" data-id=\"7260496e\" data-element_type=\"column\">\n\t\t\t<div class=\"elementor-widget-wrap elementor-element-populated\">\n\t\t\t\t\t\t\t\t<div class=\"elementor-element elementor-element-b9f4fec elementor-widget elementor-widget-heading\" data-id=\"b9f4fec\" data-element_type=\"widget\" data-widget_type=\"heading.default\">\n\t\t\t\t<div class=\"elementor-widget-container\">\n\t\t\t<h5 class=\"elementor-heading-title elementor-size-default\">Pracodawcy szkol\u0105cy pracownik\u00f3w m\u0142odocianych w zawodzie:<\/h5>\t\t<\/div>\n\t\t\t\t<\/div>\n\t\t\t\t<div class=\"elementor-element elementor-element-eb616be elementor-widget elementor-widget-Table\" data-id=\"eb616be\" data-element_type=\"widget\" data-widget_type=\"Table.default\">\n\t\t\t\t<div class=\"elementor-widget-container\">\n\t\t\t\t\t<table class=\"tafe-table\">\n\t\t\t<thead  class=\"tafe-table-header\">\n\t\t\t\t<tr>\n\t\t\t\t\t<th class=\"elementor-inline-editing elementor-repeater-item-133efb2\"   >MONTER ZABUDOWY I ROB\u00d3T WYKO\u0143CZENIOWYCH W BUDOWNICTWIE<\/th>\t\t\t\t<\/tr>\n\t\t\t<\/thead>\n\t\t\t<tbody class=\"tafe-table-body\">\n\t\t\t\t<tr>\n\t\t\t\t\t<\/tr><tr><td   class=\"elementor-repeater-item-c5cc4a3\" >Zak\u0142ad Remontowo \u2013 Budowlany\nRados\u0142aw Kozera\nul. Norwida 11\/58,\n77-400 Z\u0142ot\u00f3w\ntel. 517 782 752<\/td><\/tr><tr><td   class=\"elementor-repeater-item-8f14549\" >Us\u0142ugi Og\u00f3lnobudowlane\nPawe\u0142 Matuszyk\nDzierz\u0105\u017cenko 25A,\n77-400 Z\u0142ot\u00f3w\ntel. 506 425 128<\/td><\/tr><tr><td   class=\"elementor-repeater-item-983811b\" >Us\u0142ugowy Zak\u0142ad Malarsko-Tapeciarski\nKarol Pufal\nul. Szpitalna 13,\n77-400 Z\u0142ot\u00f3w\ntel. 602 558 924<\/td><\/tr><tr><td   class=\"elementor-repeater-item-dbd9fa0\" >RENOMEX Us\u0142ugi Remontowo-Budowlane Bogus\u0142aw Schnarbach ul. S\u0119pole\u0144ska 13, 77-420 Lipka tel. 662 442 473<\/td><\/tr><tr><td   class=\"elementor-repeater-item-4a8bf64\" >Us\u0142ugi Og\u00f3lnobudowlane\nKarol Stefaniak\nul. Ogrodowa 5,\n89-310 \u0141ob\u017cenica\ntel. 784 419 223<\/td><\/tr><tr><td   class=\"elementor-repeater-item-03a550e\" >Zak\u0142ad Malarski\nEugeniusz Zawada\nul. Nieznanego \u017bo\u0142nierza 3a,\n77-400 Z\u0142ot\u00f3w\ntel. 602 464 921<\/td>\t\t\t\t<\/tr>\n\t\t\t<\/tbody>\n\t\t<\/table>\n\t\t\n\t\t\t\t<\/div>\n\t\t\t\t<\/div>\n\t\t\t\t\t<\/div>\n\t\t<\/div>\n\t\t\t\t\t\t\t<\/div>\n\t\t<\/section>\n\t\t\t\t\t\t<\/div>\n\t\t\t\t\t<\/div>\n\t\t","protected":false},"excerpt":{"rendered":"<p>Pracodawcy szkol\u0105cy pracownik\u00f3w m\u0142odocianych w zawodzie: MONTER ZABUDOWY I ROB\u00d3T WYKO\u0143CZENIOWYCH W BUDOWNICTWIE Zak\u0142ad Remontowo \u2013 Budowlany Rados\u0142aw Kozera ul. Norwida 11\/58, 77-400 Z\u0142ot\u00f3w tel. 517 782 752 Us\u0142ugi Og\u00f3lnobudowlane Pawe\u0142 Matuszyk Dzierz\u0105\u017cenko 25A, 77-400 Z\u0142ot\u00f3w tel. 506 425 128 Us\u0142ugowy Zak\u0142ad Malarsko-Tapeciarski Karol Pufal ul. Szpitalna 13, 77-400 Z\u0142ot\u00f3w [&hellip;]<\/p>\n","protected":false},"author":1,"featured_media":693,"parent":0,"menu_order":0,"comment_status":"closed","ping_status":"closed","template":"","meta":[],"_links":{"self":[{"href":"https:\/\/www.cech-zlotow.info\/www_new\/wp-json\/wp\/v2\/pages\/1422"}],"collection":[{"href":"https:\/\/www.cech-zlotow.info\/www_new\/wp-json\/wp\/v2\/pages"}],"about":[{"href":"https:\/\/www.cech-zlotow.info\/www_new\/wp-json\/wp\/v2\/types\/page"}],"author":[{"embeddable":true,"href":"https:\/\/www.cech-zlotow.info\/www_new\/wp-json\/wp\/v2\/users\/1"}],"replies":[{"embeddable":true,"href":"https:\/\/www.cech-zlotow.info\/www_new\/wp-json\/wp\/v2\/comments?post=1422"}],"version-history":[{"count":28,"href":"https:\/\/www.cech-zlotow.info\/www_new\/wp-json\/wp\/v2\/pages\/1422\/revisions"}],"predecessor-version":[{"id":3385,"href":"https:\/\/www.cech-zlotow.info\/www_new\/wp-json\/wp\/v2\/pages\/1422\/revisions\/3385"}],"wp:featuredmedia":[{"embeddable":true,"href":"https:\/\/www.cech-zlotow.info\/www_new\/wp-json\/wp\/v2\/media\/693"}],"wp:attachment":[{"href":"https:\/\/www.cech-zlotow.info\/www_new\/wp-json\/wp\/v2\/media?parent=1422"}],"curies":[{"name":"wp","href":"https:\/\/api.w.org\/{rel}","templated":true}]}}