{"id":1514,"date":"2021-06-14T11:44:39","date_gmt":"2021-06-14T09:44:39","guid":{"rendered":"https:\/\/www.cech-zlotow.info\/www_new\/?page_id=1514"},"modified":"2026-03-19T12:59:15","modified_gmt":"2026-03-19T11:59:15","slug":"operator-obrabiarek-skrawajacych","status":"publish","type":"page","link":"https:\/\/www.cech-zlotow.info\/www_new\/operator-obrabiarek-skrawajacych\/","title":{"rendered":"Operator obrabiarek skrawaj\u0105cych"},"content":{"rendered":"\t\t<div data-elementor-type=\"wp-page\" data-elementor-id=\"1514\" class=\"elementor elementor-1514\" data-elementor-settings=\"[]\">\n\t\t\t\t\t\t\t<div class=\"elementor-section-wrap\">\n\t\t\t\t\t\t\t<section class=\"elementor-section elementor-top-section elementor-element elementor-element-53e3c0c4 elementor-section-boxed elementor-section-height-default elementor-section-height-default\" data-id=\"53e3c0c4\" data-element_type=\"section\">\n\t\t\t\t\t\t<div class=\"elementor-container elementor-column-gap-default\">\n\t\t\t\t\t<div class=\"elementor-column elementor-col-100 elementor-top-column elementor-element elementor-element-68678abf\" data-id=\"68678abf\" data-element_type=\"column\">\n\t\t\t<div class=\"elementor-widget-wrap elementor-element-populated\">\n\t\t\t\t\t\t\t\t<div class=\"elementor-element elementor-element-ac92f35 elementor-widget elementor-widget-heading\" data-id=\"ac92f35\" data-element_type=\"widget\" data-widget_type=\"heading.default\">\n\t\t\t\t<div class=\"elementor-widget-container\">\n\t\t\t<h5 class=\"elementor-heading-title elementor-size-default\">Pracodawcy szkol\u0105cy pracownik\u00f3w m\u0142odocianych w zawodzie:<\/h5>\t\t<\/div>\n\t\t\t\t<\/div>\n\t\t\t\t\t<\/div>\n\t\t<\/div>\n\t\t\t\t\t\t\t<\/div>\n\t\t<\/section>\n\t\t\t\t<section class=\"elementor-section elementor-top-section elementor-element elementor-element-04aa0d2 elementor-section-boxed elementor-section-height-default elementor-section-height-default\" data-id=\"04aa0d2\" data-element_type=\"section\">\n\t\t\t\t\t\t<div class=\"elementor-container elementor-column-gap-default\">\n\t\t\t\t\t<div class=\"elementor-column elementor-col-100 elementor-top-column elementor-element elementor-element-a837120\" data-id=\"a837120\" data-element_type=\"column\">\n\t\t\t<div class=\"elementor-widget-wrap elementor-element-populated\">\n\t\t\t\t\t\t\t\t<div class=\"elementor-element elementor-element-7901dd0 elementor-widget elementor-widget-Table\" data-id=\"7901dd0\" data-element_type=\"widget\" data-widget_type=\"Table.default\">\n\t\t\t\t<div class=\"elementor-widget-container\">\n\t\t\t\t\t<table class=\"tafe-table\">\n\t\t\t<thead  class=\"tafe-table-header\">\n\t\t\t\t<tr>\n\t\t\t\t\t<th class=\"elementor-inline-editing elementor-repeater-item-5a71047\"   >OPERATOR OBRABIAREK SKRAWAJ\u0104CYCH<\/th>\t\t\t\t<\/tr>\n\t\t\t<\/thead>\n\t\t\t<tbody class=\"tafe-table-body\">\n\t\t\t\t<tr>\n\t\t\t\t\t<\/tr><tr><td   class=\"elementor-repeater-item-1535dbf\" >AUTOSZLIFIERNIA PAW\u0141OWSKI\nDariusz Kwa\u015bnikow\nul. Pla\u017cowa 33,\n77-400 Z\u0142ot\u00f3w\ntel. 604 245 028<\/td><\/tr><tr><td   class=\"elementor-repeater-item-6a6da7e\" >SPAW-MET Maszyny Rolnicze Sp. z o.o.\nKunowo 42,\n89-310 \u0141ob\u017cenica\ntel. 451 160 578<\/td>\t\t\t\t<\/tr>\n\t\t\t<\/tbody>\n\t\t<\/table>\n\t\t\n\t\t\t\t<\/div>\n\t\t\t\t<\/div>\n\t\t\t\t\t<\/div>\n\t\t<\/div>\n\t\t\t\t\t\t\t<\/div>\n\t\t<\/section>\n\t\t\t\t\t\t<\/div>\n\t\t\t\t\t<\/div>\n\t\t","protected":false},"excerpt":{"rendered":"<p>Pracodawcy szkol\u0105cy pracownik\u00f3w m\u0142odocianych w zawodzie: OPERATOR OBRABIAREK SKRAWAJ\u0104CYCH AUTOSZLIFIERNIA PAW\u0141OWSKI Dariusz Kwa\u015bnikow ul. Pla\u017cowa 33, 77-400 Z\u0142ot\u00f3w tel. 604 245 028 SPAW-MET Maszyny Rolnicze Sp. z o.o. Kunowo 42, 89-310 \u0141ob\u017cenica tel. 451 160 578<\/p>\n","protected":false},"author":1,"featured_media":701,"parent":0,"menu_order":0,"comment_status":"closed","ping_status":"closed","template":"","meta":[],"_links":{"self":[{"href":"https:\/\/www.cech-zlotow.info\/www_new\/wp-json\/wp\/v2\/pages\/1514"}],"collection":[{"href":"https:\/\/www.cech-zlotow.info\/www_new\/wp-json\/wp\/v2\/pages"}],"about":[{"href":"https:\/\/www.cech-zlotow.info\/www_new\/wp-json\/wp\/v2\/types\/page"}],"author":[{"embeddable":true,"href":"https:\/\/www.cech-zlotow.info\/www_new\/wp-json\/wp\/v2\/users\/1"}],"replies":[{"embeddable":true,"href":"https:\/\/www.cech-zlotow.info\/www_new\/wp-json\/wp\/v2\/comments?post=1514"}],"version-history":[{"count":16,"href":"https:\/\/www.cech-zlotow.info\/www_new\/wp-json\/wp\/v2\/pages\/1514\/revisions"}],"predecessor-version":[{"id":3416,"href":"https:\/\/www.cech-zlotow.info\/www_new\/wp-json\/wp\/v2\/pages\/1514\/revisions\/3416"}],"wp:featuredmedia":[{"embeddable":true,"href":"https:\/\/www.cech-zlotow.info\/www_new\/wp-json\/wp\/v2\/media\/701"}],"wp:attachment":[{"href":"https:\/\/www.cech-zlotow.info\/www_new\/wp-json\/wp\/v2\/media?parent=1514"}],"curies":[{"name":"wp","href":"https:\/\/api.w.org\/{rel}","templated":true}]}}