{"id":1522,"date":"2021-06-14T11:53:07","date_gmt":"2021-06-14T09:53:07","guid":{"rendered":"https:\/\/www.cech-zlotow.info\/www_new\/?page_id=1522"},"modified":"2024-09-25T09:13:54","modified_gmt":"2024-09-25T07:13:54","slug":"piekarz-2","status":"publish","type":"page","link":"https:\/\/www.cech-zlotow.info\/www_new\/piekarz-2\/","title":{"rendered":"Piekarz"},"content":{"rendered":"\t\t<div data-elementor-type=\"wp-page\" data-elementor-id=\"1522\" class=\"elementor elementor-1522\" data-elementor-settings=\"[]\">\n\t\t\t\t\t\t\t<div class=\"elementor-section-wrap\">\n\t\t\t\t\t\t\t<section class=\"elementor-section elementor-top-section elementor-element elementor-element-5635287d elementor-section-boxed elementor-section-height-default elementor-section-height-default\" data-id=\"5635287d\" data-element_type=\"section\">\n\t\t\t\t\t\t<div class=\"elementor-container elementor-column-gap-default\">\n\t\t\t\t\t<div class=\"elementor-column elementor-col-100 elementor-top-column elementor-element elementor-element-1525264b\" data-id=\"1525264b\" data-element_type=\"column\">\n\t\t\t<div class=\"elementor-widget-wrap elementor-element-populated\">\n\t\t\t\t\t\t\t\t<div class=\"elementor-element elementor-element-7835924 elementor-widget elementor-widget-heading\" data-id=\"7835924\" data-element_type=\"widget\" data-widget_type=\"heading.default\">\n\t\t\t\t<div class=\"elementor-widget-container\">\n\t\t\t<h5 class=\"elementor-heading-title elementor-size-default\">Pracodawcy szkol\u0105cy pracownik\u00f3w m\u0142odocianych w zawodzie:<\/h5>\t\t<\/div>\n\t\t\t\t<\/div>\n\t\t\t\t\t<\/div>\n\t\t<\/div>\n\t\t\t\t\t\t\t<\/div>\n\t\t<\/section>\n\t\t\t\t<section class=\"elementor-section elementor-top-section elementor-element elementor-element-76064de elementor-section-boxed elementor-section-height-default elementor-section-height-default\" data-id=\"76064de\" data-element_type=\"section\">\n\t\t\t\t\t\t<div class=\"elementor-container elementor-column-gap-default\">\n\t\t\t\t\t<div class=\"elementor-column elementor-col-100 elementor-top-column elementor-element elementor-element-6acf7aa\" data-id=\"6acf7aa\" data-element_type=\"column\">\n\t\t\t<div class=\"elementor-widget-wrap elementor-element-populated\">\n\t\t\t\t\t\t\t\t<div class=\"elementor-element elementor-element-342c8db elementor-widget elementor-widget-Table\" data-id=\"342c8db\" data-element_type=\"widget\" data-widget_type=\"Table.default\">\n\t\t\t\t<div class=\"elementor-widget-container\">\n\t\t\t\t\t<table class=\"tafe-table\">\n\t\t\t<thead  class=\"tafe-table-header\">\n\t\t\t\t<tr>\n\t\t\t\t\t<th class=\"elementor-inline-editing elementor-repeater-item-6e1e6cf\"   >PIEKARZ<\/th>\t\t\t\t<\/tr>\n\t\t\t<\/thead>\n\t\t\t<tbody class=\"tafe-table-body\">\n\t\t\t\t<tr>\n\t\t\t\t\t<\/tr><tr><td   class=\"elementor-repeater-item-317e57b\" >CHRUPEK P.P.H.U. Sp. j.\nul. Zamkowa 26,\n77-400 Z\u0142ot\u00f3w\ntel. 67 265 26 11<\/td><\/tr><tr><td   class=\"elementor-repeater-item-ac5cd49\" >Piekarnia HANIA\nHanna Stepnowska\nul. Szkolna 3,\n89-350 Miasteczko Kraje\u0144skie\ntel. 600 078 396<\/td><\/tr><tr><td   class=\"elementor-repeater-item-6420a20\" >PIEKARNIA-CUKIERNIA \u201eTUSCHIK\u201d Sp.j.\nul. Gajowa 20,\n77-420 Lipka\ntel. 67 266 52 54<\/td>\t\t\t\t<\/tr>\n\t\t\t<\/tbody>\n\t\t<\/table>\n\t\t\n\t\t\t\t<\/div>\n\t\t\t\t<\/div>\n\t\t\t\t\t<\/div>\n\t\t<\/div>\n\t\t\t\t\t\t\t<\/div>\n\t\t<\/section>\n\t\t\t\t\t\t<\/div>\n\t\t\t\t\t<\/div>\n\t\t","protected":false},"excerpt":{"rendered":"<p>Pracodawcy szkol\u0105cy pracownik\u00f3w m\u0142odocianych w zawodzie: PIEKARZ CHRUPEK P.P.H.U. Sp. j. ul. Zamkowa 26, 77-400 Z\u0142ot\u00f3w tel. 67 265 26 11 Piekarnia HANIA Hanna Stepnowska ul. Szkolna 3, 89-350 Miasteczko Kraje\u0144skie tel. 600 078 396 PIEKARNIA-CUKIERNIA \u201eTUSCHIK\u201d Sp.j. ul. Gajowa 20, 77-420 Lipka tel. 67 266 52 54<\/p>\n","protected":false},"author":1,"featured_media":48,"parent":0,"menu_order":0,"comment_status":"closed","ping_status":"closed","template":"","meta":[],"_links":{"self":[{"href":"https:\/\/www.cech-zlotow.info\/www_new\/wp-json\/wp\/v2\/pages\/1522"}],"collection":[{"href":"https:\/\/www.cech-zlotow.info\/www_new\/wp-json\/wp\/v2\/pages"}],"about":[{"href":"https:\/\/www.cech-zlotow.info\/www_new\/wp-json\/wp\/v2\/types\/page"}],"author":[{"embeddable":true,"href":"https:\/\/www.cech-zlotow.info\/www_new\/wp-json\/wp\/v2\/users\/1"}],"replies":[{"embeddable":true,"href":"https:\/\/www.cech-zlotow.info\/www_new\/wp-json\/wp\/v2\/comments?post=1522"}],"version-history":[{"count":19,"href":"https:\/\/www.cech-zlotow.info\/www_new\/wp-json\/wp\/v2\/pages\/1522\/revisions"}],"predecessor-version":[{"id":2905,"href":"https:\/\/www.cech-zlotow.info\/www_new\/wp-json\/wp\/v2\/pages\/1522\/revisions\/2905"}],"wp:featuredmedia":[{"embeddable":true,"href":"https:\/\/www.cech-zlotow.info\/www_new\/wp-json\/wp\/v2\/media\/48"}],"wp:attachment":[{"href":"https:\/\/www.cech-zlotow.info\/www_new\/wp-json\/wp\/v2\/media?parent=1522"}],"curies":[{"name":"wp","href":"https:\/\/api.w.org\/{rel}","templated":true}]}}