{"id":1652,"date":"2021-06-14T12:21:55","date_gmt":"2021-06-14T10:21:55","guid":{"rendered":"https:\/\/www.cech-zlotow.info\/www_new\/?page_id=1652"},"modified":"2026-03-19T11:33:06","modified_gmt":"2026-03-19T10:33:06","slug":"sprzedawca","status":"publish","type":"page","link":"https:\/\/www.cech-zlotow.info\/www_new\/sprzedawca\/","title":{"rendered":"Sprzedawca"},"content":{"rendered":"\t\t<div data-elementor-type=\"wp-page\" data-elementor-id=\"1652\" class=\"elementor elementor-1652\" data-elementor-settings=\"[]\">\n\t\t\t\t\t\t\t<div class=\"elementor-section-wrap\">\n\t\t\t\t\t\t\t<section class=\"elementor-section elementor-top-section elementor-element elementor-element-50fa4ad9 elementor-section-boxed elementor-section-height-default elementor-section-height-default\" data-id=\"50fa4ad9\" data-element_type=\"section\">\n\t\t\t\t\t\t<div class=\"elementor-container elementor-column-gap-default\">\n\t\t\t\t\t<div class=\"elementor-column elementor-col-100 elementor-top-column elementor-element elementor-element-13cd6630\" data-id=\"13cd6630\" data-element_type=\"column\">\n\t\t\t<div class=\"elementor-widget-wrap elementor-element-populated\">\n\t\t\t\t\t\t\t\t<div class=\"elementor-element elementor-element-f004c06 elementor-widget elementor-widget-heading\" data-id=\"f004c06\" data-element_type=\"widget\" data-widget_type=\"heading.default\">\n\t\t\t\t<div class=\"elementor-widget-container\">\n\t\t\t<h5 class=\"elementor-heading-title elementor-size-default\">Pracodawcy szkol\u0105cy pracownik\u00f3w m\u0142odocianych w zawodzie:<\/h5>\t\t<\/div>\n\t\t\t\t<\/div>\n\t\t\t\t\t<\/div>\n\t\t<\/div>\n\t\t\t\t\t\t\t<\/div>\n\t\t<\/section>\n\t\t\t\t<section class=\"elementor-section elementor-top-section elementor-element elementor-element-6752c07 elementor-section-boxed elementor-section-height-default elementor-section-height-default\" data-id=\"6752c07\" data-element_type=\"section\">\n\t\t\t\t\t\t<div class=\"elementor-container elementor-column-gap-default\">\n\t\t\t\t\t<div class=\"elementor-column elementor-col-100 elementor-top-column elementor-element elementor-element-35dee59\" data-id=\"35dee59\" data-element_type=\"column\">\n\t\t\t<div class=\"elementor-widget-wrap elementor-element-populated\">\n\t\t\t\t\t\t\t\t<div class=\"elementor-element elementor-element-702f05c elementor-widget elementor-widget-Table\" data-id=\"702f05c\" data-element_type=\"widget\" data-widget_type=\"Table.default\">\n\t\t\t\t<div class=\"elementor-widget-container\">\n\t\t\t\t\t<table class=\"tafe-table\">\n\t\t\t<thead  class=\"tafe-table-header\">\n\t\t\t\t<tr>\n\t\t\t\t\t<th class=\"elementor-inline-editing elementor-repeater-item-1db72cf\"   >SPRZEDAWCA<\/th>\t\t\t\t<\/tr>\n\t\t\t<\/thead>\n\t\t\t<tbody class=\"tafe-table-body\">\n\t\t\t\t<tr>\n\t\t\t\t\t<\/tr><tr><td   class=\"elementor-repeater-item-d50effe\" >Sklep Wielobran\u017cowy \u201eRARYTAS\u201d\nIwona Barabasz\nPlac Wolno\u015bci 6,\n89-320 Wysoka\ntel. 692 490 868<\/td><\/tr><tr><td   class=\"elementor-repeater-item-60ca3b2\" >Sklep Wielobran\u017cowy ELDOM Sp.j.\nul. Grochowskiego 11,\n77-400 Z\u0142ot\u00f3w\ntel. 67 265 00 44<\/td><\/tr><tr><td   class=\"elementor-repeater-item-a5c41f8\" >Sklep Og\u00f3lnoprzemys\u0142owy \u201eTUPTU\u015a\u201d\nBogumi\u0142a Domo\u0144\nPlac Paderewskiego 8,\n77-400 Z\u0142ot\u00f3w\ntel. 67 265 30 25<\/td><\/tr><tr><td   class=\"elementor-repeater-item-25f6e70\" >\u201eE-STYL\u201d\nEmilia Firlej-Blicharz\nul. Boh. Westerplatte 12,\n77-400 Z\u0142ot\u00f3w\ntel. 782 927 467<\/td><\/tr><tr><td   class=\"elementor-repeater-item-c6a87ea\" >P.P.H. \u201eKASIA\u201d\nGabriela Gier\u0142owska\nul. Czerniakowska 3\/9,\n77-310 Debrzno\ntel. 502 052 486<\/td><\/tr><tr><td   class=\"elementor-repeater-item-796dec1\" >Sklep Og\u00f3lnoprzemys\u0142owy\nPiotr G\u00f3rniak\nul. Woj. Polskiego 22,\n77-400 Z\u0142ot\u00f3w\ntel. 605 897 67<\/td><\/tr><tr><td   class=\"elementor-repeater-item-918cf3a\" >Firma Handlowa \u201eMAGDA\u201d\nMarzena Jadziewicz\nul. Woj. Polskiego 24, 77-400 Z\u0142ot\u00f3w\ntel. 602 104 970<\/td><\/tr><tr><td   class=\"elementor-repeater-item-60443d9\" >Firma Handlowa EFEKT\nMagdalena Jadziewicz\nul. Ko\u015bciuszki 24,\n77-330 Czarne\ntel. 602 104 970<\/td><\/tr><tr><td   class=\"elementor-repeater-item-feaf06b\" >TER-MAR \nTeresa Jak\u00f3bczyk\nal. Mickiewicza 20c,\n77-400 Z\u0142ot\u00f3w\ntel. 724 505 966<\/td><\/tr><tr><td   class=\"elementor-repeater-item-6082672\" >P.H. Kowalska Barbara Krystyna\nul. Sienkiewicza 4,\n77-400 Z\u0142ot\u00f3w\ntel. 692 977 290<\/td><\/tr><tr><td   class=\"elementor-repeater-item-344b283\" >Sklep Rybno-Warzywny \u201eJACEK\u201d\nUrszula Kwa\u015bniewska\nul. Ko\u015bcielna 4,\n77-400 Z\u0142ot\u00f3w\ntel. 67 263 36 53<\/td><\/tr><tr><td   class=\"elementor-repeater-item-9f1ae30\" >Przedsi\u0119biorstwo Wielobran\u017cowe \u201eFACHMAN\u201d\nJanusz Klup\u015b\nul. Boczna 13,\n64-915 Jastrowie\ntel. 602 212 009<\/td><\/tr><tr><td   class=\"elementor-repeater-item-395a2b3\" >Sklep Spo\u017cywczo-Przemys\u0142owy \"BARBARA\" Kamila Nowak \nul. Zwyci\u0119stwa 51, \n77-416 Tarn\u00f3wka\ntel. 67 266 40 31<\/td><\/tr><tr><td   class=\"elementor-repeater-item-8fd54ea\" >Sklep Spo\u017cywczo Przemys\u0142owy s.c.\nSylwia i Damian Paliccy\nul. Zamkowa 72A,\n77-400 Z\u0142ot\u00f3w\ntel. 67 265 10 52<\/td><\/tr><tr><td   class=\"elementor-repeater-item-a2499ca\" >Handel Art. Spo\u017cywczo-Przemys\u0142owymi\nAdam Pluta\nul. Wojska Polskiego 3,\n64-915 Jastrowie\ntel. 67 266 30 89<\/td><\/tr><tr><td   class=\"elementor-repeater-item-74d6d0b\" >P.H.U. \u201eMEBLOMAX\u201d\nAndrzej Henryk Pranke\nul. Staszica 7,\n77-400 Z\u0142ot\u00f3w\ntel. 67 265 00 77<\/td><\/tr><tr><td   class=\"elementor-repeater-item-a6e0948\" >Us\u0142ugi Handlowe\nSklep Spo\u017cywczo-Przemys\u0142owy SEREK\nHenryk Ser\u00f3wka\nul. Mickiewicza 13,\n77-420 Lipka\ntel. 692 418 930<\/td><\/tr><tr><td   class=\"elementor-repeater-item-8ba0842\" >\u015aWIAT SMAK\u00d3W \nMagdalena Szeffler\nul. Wojska Polskiego 20A,\n77-400 Z\u0142ot\u00f3w\ntel. 67 263 30 76<\/td><\/tr><tr><td   class=\"elementor-repeater-item-58c5d2d\" >Przedsi\u0119biorstwo Wielobran\u017cowe \u201eSZOPI\u0143SCY\u201d s.c.\nJoanna Szopi\u0144ska, Piotr Szopi\u0144ski\nul. Dworcowa 13,\n77-424 Zakrzewo<br\/>\ntel. 67 266 71 06<\/td>\t\t\t\t<\/tr>\n\t\t\t<\/tbody>\n\t\t<\/table>\n\t\t\n\t\t\t\t<\/div>\n\t\t\t\t<\/div>\n\t\t\t\t\t<\/div>\n\t\t<\/div>\n\t\t\t\t\t\t\t<\/div>\n\t\t<\/section>\n\t\t\t\t\t\t<\/div>\n\t\t\t\t\t<\/div>\n\t\t","protected":false},"excerpt":{"rendered":"<p>Pracodawcy szkol\u0105cy pracownik\u00f3w m\u0142odocianych w zawodzie: SPRZEDAWCA Sklep Wielobran\u017cowy \u201eRARYTAS\u201d Iwona Barabasz Plac Wolno\u015bci 6, 89-320 Wysoka tel. 692 490 868 Sklep Wielobran\u017cowy ELDOM Sp.j. ul. Grochowskiego 11, 77-400 Z\u0142ot\u00f3w tel. 67 265 00 44 Sklep Og\u00f3lnoprzemys\u0142owy \u201eTUPTU\u015a\u201d Bogumi\u0142a Domo\u0144 Plac Paderewskiego 8, 77-400 Z\u0142ot\u00f3w tel. 67 265 30 25 [&hellip;]<\/p>\n","protected":false},"author":1,"featured_media":721,"parent":0,"menu_order":0,"comment_status":"closed","ping_status":"closed","template":"","meta":[],"_links":{"self":[{"href":"https:\/\/www.cech-zlotow.info\/www_new\/wp-json\/wp\/v2\/pages\/1652"}],"collection":[{"href":"https:\/\/www.cech-zlotow.info\/www_new\/wp-json\/wp\/v2\/pages"}],"about":[{"href":"https:\/\/www.cech-zlotow.info\/www_new\/wp-json\/wp\/v2\/types\/page"}],"author":[{"embeddable":true,"href":"https:\/\/www.cech-zlotow.info\/www_new\/wp-json\/wp\/v2\/users\/1"}],"replies":[{"embeddable":true,"href":"https:\/\/www.cech-zlotow.info\/www_new\/wp-json\/wp\/v2\/comments?post=1652"}],"version-history":[{"count":43,"href":"https:\/\/www.cech-zlotow.info\/www_new\/wp-json\/wp\/v2\/pages\/1652\/revisions"}],"predecessor-version":[{"id":3392,"href":"https:\/\/www.cech-zlotow.info\/www_new\/wp-json\/wp\/v2\/pages\/1652\/revisions\/3392"}],"wp:featuredmedia":[{"embeddable":true,"href":"https:\/\/www.cech-zlotow.info\/www_new\/wp-json\/wp\/v2\/media\/721"}],"wp:attachment":[{"href":"https:\/\/www.cech-zlotow.info\/www_new\/wp-json\/wp\/v2\/media?parent=1652"}],"curies":[{"name":"wp","href":"https:\/\/api.w.org\/{rel}","templated":true}]}}