{"id":2,"date":"2021-05-05T20:53:19","date_gmt":"2021-05-05T18:53:19","guid":{"rendered":"https:\/\/www.cech-zlotow.info\/www_new\/?page_id=2"},"modified":"2021-05-14T16:45:35","modified_gmt":"2021-05-14T14:45:35","slug":"samorzad_cechowy","status":"publish","type":"page","link":"https:\/\/www.cech-zlotow.info\/www_new\/samorzad_cechowy\/","title":{"rendered":"Samorz\u0105d Cechowy"},"content":{"rendered":"\n<p><strong>Walne Zgromadzenie Cz\u0142onk\u00f3w<\/strong><\/p>\n\n\n\n<p>Jest najwy\u017cszym organem ustawodawczym Cechu powo\u0142anym do podejmowania uchwa\u0142 w sprawach okre\u015blonych w Statucie Cechu.<\/p>\n\n\n\n<p>&nbsp;<strong>Zarz\u0105d Cechu<\/strong><\/p>\n\n\n\n<p>Zarz\u0105d Cechu jest organem wykonawczym Cechu i ponosi odpowiedzialno\u015b\u0107 za prawid\u0142ow\u0105 jego dzia\u0142alno\u015b\u0107. Zarz\u0105d prowadzi wszystkie sprawy Cechu, z wyj\u0105tkiem zastrze\u017conych do kompetencji innych organ\u00f3w Cechu.<\/p>\n\n\n\n<p>&nbsp;<strong>Komisja Rewizyjna<\/strong><\/p>\n\n\n\n<p>Jest organem kontroluj\u0105cym ca\u0142okszta\u0142t dzia\u0142alno\u015bci Cechu, z wyj\u0105tkiem Walnego Zgromadzenia i orzecznictwa S\u0105du Cechowego.<\/p>\n\n\n\n<p><strong>S\u0105d Cechowy<\/strong><\/p>\n\n\n\n<p>S\u0105d Cechowy rozpatruje sprawy na wniosek Zarz\u0105du Cechu lub z w\u0142asnej inicjatywy. Cz\u0142onkowie Cechu podlegaj\u0105 odpowiedzialno\u015bci za naruszenie zasad etyki zawodowej.<\/p>\n\n\n\n<p>&nbsp;<strong>Biuro Cechu<\/strong><\/p>\n\n\n\n<p>Praca biura kieruje kierownik biura Cechu, przygotowuje materia\u0142y do posiedzenia organ\u00f3w Cechu oraz czuwa nad wykonaniem Uchwa\u0142 organ\u00f3w Cechu.<\/p>\n\n\n\n<p><\/p>\n","protected":false},"excerpt":{"rendered":"<p>Walne Zgromadzenie Cz\u0142onk\u00f3w Jest najwy\u017cszym organem ustawodawczym Cechu powo\u0142anym do podejmowania uchwa\u0142 w sprawach okre\u015blonych w Statucie Cechu. &nbsp;Zarz\u0105d Cechu Zarz\u0105d Cechu jest organem wykonawczym Cechu i ponosi odpowiedzialno\u015b\u0107 za prawid\u0142ow\u0105 jego dzia\u0142alno\u015b\u0107. Zarz\u0105d prowadzi wszystkie sprawy Cechu, z wyj\u0105tkiem zastrze\u017conych do kompetencji innych organ\u00f3w Cechu. &nbsp;Komisja Rewizyjna Jest organem [&hellip;]<\/p>\n","protected":false},"author":1,"featured_media":270,"parent":0,"menu_order":0,"comment_status":"closed","ping_status":"open","template":"","meta":[],"_links":{"self":[{"href":"https:\/\/www.cech-zlotow.info\/www_new\/wp-json\/wp\/v2\/pages\/2"}],"collection":[{"href":"https:\/\/www.cech-zlotow.info\/www_new\/wp-json\/wp\/v2\/pages"}],"about":[{"href":"https:\/\/www.cech-zlotow.info\/www_new\/wp-json\/wp\/v2\/types\/page"}],"author":[{"embeddable":true,"href":"https:\/\/www.cech-zlotow.info\/www_new\/wp-json\/wp\/v2\/users\/1"}],"replies":[{"embeddable":true,"href":"https:\/\/www.cech-zlotow.info\/www_new\/wp-json\/wp\/v2\/comments?post=2"}],"version-history":[{"count":3,"href":"https:\/\/www.cech-zlotow.info\/www_new\/wp-json\/wp\/v2\/pages\/2\/revisions"}],"predecessor-version":[{"id":271,"href":"https:\/\/www.cech-zlotow.info\/www_new\/wp-json\/wp\/v2\/pages\/2\/revisions\/271"}],"wp:featuredmedia":[{"embeddable":true,"href":"https:\/\/www.cech-zlotow.info\/www_new\/wp-json\/wp\/v2\/media\/270"}],"wp:attachment":[{"href":"https:\/\/www.cech-zlotow.info\/www_new\/wp-json\/wp\/v2\/media?parent=2"}],"curies":[{"name":"wp","href":"https:\/\/api.w.org\/{rel}","templated":true}]}}