{"id":329,"date":"2021-05-14T20:17:33","date_gmt":"2021-05-14T18:17:33","guid":{"rendered":"https:\/\/www.cech-zlotow.info\/www_new\/?page_id=329"},"modified":"2021-05-14T23:03:23","modified_gmt":"2021-05-14T21:03:23","slug":"osrodek-szkolenia-kursowego","status":"publish","type":"page","link":"https:\/\/www.cech-zlotow.info\/www_new\/osrodek-szkolenia-kursowego\/","title":{"rendered":"O\u015brodek Szkolenia Kursowego"},"content":{"rendered":"\t\t<div data-elementor-type=\"wp-page\" data-elementor-id=\"329\" class=\"elementor elementor-329\" data-elementor-settings=\"[]\">\n\t\t\t\t\t\t\t<div class=\"elementor-section-wrap\">\n\t\t\t\t\t\t\t<section class=\"elementor-section elementor-top-section elementor-element elementor-element-3f8d5562 elementor-section-boxed elementor-section-height-default elementor-section-height-default\" data-id=\"3f8d5562\" data-element_type=\"section\">\n\t\t\t\t\t\t<div class=\"elementor-container elementor-column-gap-default\">\n\t\t\t\t\t<div class=\"elementor-column elementor-col-100 elementor-top-column elementor-element elementor-element-df70bb1\" data-id=\"df70bb1\" data-element_type=\"column\">\n\t\t\t<div class=\"elementor-widget-wrap elementor-element-populated\">\n\t\t\t\t\t\t\t\t<div class=\"elementor-element elementor-element-a3d7165 elementor-widget elementor-widget-text-editor\" data-id=\"a3d7165\" data-element_type=\"widget\" data-widget_type=\"text-editor.default\">\n\t\t\t\t<div class=\"elementor-widget-container\">\n\t\t\t\t\t\t\t\t<!-- wp:paragraph -->\n<p><b>O\u015brodek Szkolenia Kursowego<\/b> przy Cechu Rzemios\u0142 R\u00f3\u017cnych w Z\u0142otowie, wpisany do ewidencji szk\u00f3\u0142 i plac\u00f3wek niepublicznych w dniu 9 lutego 2000 roku pod numerem 50\/59\/2000 \u2013 OKZ\/7\/00 organizuje:<\/p>\n<!-- \/wp:paragraph --><!-- wp:image {\"align\":\"center\",\"id\":330,\"width\":710,\"height\":473,\"sizeSlug\":\"large\",\"linkDestination\":\"none\"} -->\n<div class=\"wp-block-image\">\n<figure class=\"aligncenter size-large is-resized\"><img loading=\"lazy\" src=\"https:\/\/www.cech-zlotow.info\/www_new\/wp-content\/uploads\/2021\/05\/osrodek-scaled-e1621026188317-1024x422.jpg\" alt=\"\" class=\"alignnone wp-image-330 size-large\" width=\"750\" height=\"309\" srcset=\"https:\/\/www.cech-zlotow.info\/www_new\/wp-content\/uploads\/2021\/05\/osrodek-scaled-e1621026188317-1024x422.jpg 1024w, https:\/\/www.cech-zlotow.info\/www_new\/wp-content\/uploads\/2021\/05\/osrodek-scaled-e1621026188317-300x124.jpg 300w, https:\/\/www.cech-zlotow.info\/www_new\/wp-content\/uploads\/2021\/05\/osrodek-scaled-e1621026188317-768x317.jpg 768w, https:\/\/www.cech-zlotow.info\/www_new\/wp-content\/uploads\/2021\/05\/osrodek-scaled-e1621026188317-1536x634.jpg 1536w, https:\/\/www.cech-zlotow.info\/www_new\/wp-content\/uploads\/2021\/05\/osrodek-scaled-e1621026188317-2048x845.jpg 2048w, https:\/\/www.cech-zlotow.info\/www_new\/wp-content\/uploads\/2021\/05\/osrodek-scaled-e1621026188317-16x7.jpg 16w\" sizes=\"(max-width: 750px) 100vw, 750px\" \/><\/figure>\n<\/div>\n<!-- \/wp:image --><!-- wp:columns -->\n<div class=\"wp-block-columns\"><!-- wp:column {\"width\":\"66.66%\"} -->\n<div class=\"wp-block-column\" style=\"flex-basis: 66.66%;\"><!-- wp:list -->\n<ul>\n<li>kursy BHP dla pracodawc\u00f3w<\/li>\n<li>kursy BHP dla pracownik\u00f3w<\/li>\n<li>kursy dla s\u0142u\u017cb BHP<\/li>\n<li>kursy pedagogiczne<\/li>\n<li>kwalifikacje do egzamin\u00f3w czeladniczych<\/li>\n<li>przygotowuj\u0105ce do egzamin\u00f3w czeladniczych<\/li>\n<li>inne wed\u0142ug zg\u0142aszanych potrzeb<\/li>\n<\/ul>\n<!-- \/wp:list --><!-- wp:paragraph -->\n<p><\/p>\n<!-- \/wp:paragraph --><\/div>\n<!-- \/wp:column --><\/div>\n<!-- \/wp:columns --><!-- wp:themeisle-blocks\/advanced-columns {\"id\":\"wp-block-themeisle-blocks-advanced-columns-a8b031c7\",\"columns\":1,\"layout\":\"equal\"} -->\n<div class=\"wp-block-themeisle-blocks-advanced-columns has-1-columns has-desktop-equal-layout has-tablet-equal-layout has-mobile-equal-layout has-default-gap has-vertical-unset\" id=\"wp-block-themeisle-blocks-advanced-columns-a8b031c7\">\n<div class=\"wp-block-themeisle-blocks-advanced-columns-overlay\"><\/div>\n<div class=\"innerblocks-wrap\"><!-- wp:themeisle-blocks\/advanced-column {\"id\":\"wp-block-themeisle-blocks-advanced-column-2c6df730\",\"columnWidth\":\"100\"} -->\n<div class=\"wp-block-themeisle-blocks-advanced-column\" id=\"wp-block-themeisle-blocks-advanced-column-2c6df730\"><!-- wp:paragraph -->\n<p><\/p>\n<!-- \/wp:paragraph --><\/div>\n<!-- \/wp:themeisle-blocks\/advanced-column --><\/div>\n<\/div>\n<!-- \/wp:themeisle-blocks\/advanced-columns --><!-- wp:paragraph -->\n<p><\/p>\n<!-- \/wp:paragraph -->\t\t\t\t\t\t<\/div>\n\t\t\t\t<\/div>\n\t\t\t\t\t<\/div>\n\t\t<\/div>\n\t\t\t\t\t\t\t<\/div>\n\t\t<\/section>\n\t\t\t\t\t\t<\/div>\n\t\t\t\t\t<\/div>\n\t\t","protected":false},"excerpt":{"rendered":"<p>O\u015brodek Szkolenia Kursowego przy Cechu Rzemios\u0142 R\u00f3\u017cnych w Z\u0142otowie, wpisany do ewidencji szk\u00f3\u0142 i plac\u00f3wek niepublicznych w dniu 9 lutego 2000 roku pod numerem 50\/59\/2000 \u2013 OKZ\/7\/00 organizuje: kursy BHP dla pracodawc\u00f3w kursy BHP dla pracownik\u00f3w kursy dla s\u0142u\u017cb BHP kursy pedagogiczne kwalifikacje do egzamin\u00f3w czeladniczych przygotowuj\u0105ce do egzamin\u00f3w czeladniczych [&hellip;]<\/p>\n","protected":false},"author":1,"featured_media":330,"parent":0,"menu_order":0,"comment_status":"closed","ping_status":"closed","template":"","meta":[],"_links":{"self":[{"href":"https:\/\/www.cech-zlotow.info\/www_new\/wp-json\/wp\/v2\/pages\/329"}],"collection":[{"href":"https:\/\/www.cech-zlotow.info\/www_new\/wp-json\/wp\/v2\/pages"}],"about":[{"href":"https:\/\/www.cech-zlotow.info\/www_new\/wp-json\/wp\/v2\/types\/page"}],"author":[{"embeddable":true,"href":"https:\/\/www.cech-zlotow.info\/www_new\/wp-json\/wp\/v2\/users\/1"}],"replies":[{"embeddable":true,"href":"https:\/\/www.cech-zlotow.info\/www_new\/wp-json\/wp\/v2\/comments?post=329"}],"version-history":[{"count":14,"href":"https:\/\/www.cech-zlotow.info\/www_new\/wp-json\/wp\/v2\/pages\/329\/revisions"}],"predecessor-version":[{"id":439,"href":"https:\/\/www.cech-zlotow.info\/www_new\/wp-json\/wp\/v2\/pages\/329\/revisions\/439"}],"wp:featuredmedia":[{"embeddable":true,"href":"https:\/\/www.cech-zlotow.info\/www_new\/wp-json\/wp\/v2\/media\/330"}],"wp:attachment":[{"href":"https:\/\/www.cech-zlotow.info\/www_new\/wp-json\/wp\/v2\/media?parent=329"}],"curies":[{"name":"wp","href":"https:\/\/api.w.org\/{rel}","templated":true}]}}