{"id":542,"date":"2021-05-15T13:49:40","date_gmt":"2021-05-15T11:49:40","guid":{"rendered":"https:\/\/www.cech-zlotow.info\/www_new\/?page_id=542"},"modified":"2025-01-23T14:14:23","modified_gmt":"2025-01-23T13:14:23","slug":"refundacja","status":"publish","type":"page","link":"https:\/\/www.cech-zlotow.info\/www_new\/refundacja\/","title":{"rendered":"Refundacja"},"content":{"rendered":"\t\t<div data-elementor-type=\"wp-page\" data-elementor-id=\"542\" class=\"elementor elementor-542\" data-elementor-settings=\"[]\">\n\t\t\t\t\t\t\t<div class=\"elementor-section-wrap\">\n\t\t\t\t\t\t\t<section class=\"elementor-section elementor-top-section elementor-element elementor-element-bbf3262 elementor-section-boxed elementor-section-height-default elementor-section-height-default\" data-id=\"bbf3262\" data-element_type=\"section\">\n\t\t\t\t\t\t<div class=\"elementor-container elementor-column-gap-default\">\n\t\t\t\t\t<div class=\"elementor-column elementor-col-100 elementor-top-column elementor-element elementor-element-0d19169\" data-id=\"0d19169\" data-element_type=\"column\">\n\t\t\t<div class=\"elementor-widget-wrap elementor-element-populated\">\n\t\t\t\t\t\t\t\t<div class=\"elementor-element elementor-element-c6838ac elementor-widget elementor-widget-heading\" data-id=\"c6838ac\" data-element_type=\"widget\" data-widget_type=\"heading.default\">\n\t\t\t\t<div class=\"elementor-widget-container\">\n\t\t\t<h2 class=\"elementor-heading-title elementor-size-large\">Refundacja koszt\u00f3w zatrudnienia pracownik\u00f3w m\u0142odocianych<\/h2>\t\t<\/div>\n\t\t\t\t<\/div>\n\t\t\t\t<div class=\"elementor-element elementor-element-8332c26 elementor-widget elementor-widget-text-editor\" data-id=\"8332c26\" data-element_type=\"widget\" data-widget_type=\"text-editor.default\">\n\t\t\t\t<div class=\"elementor-widget-container\">\n\t\t\t\t\t\t\t\t<p>O refundacj\u0119 wynagrodze\u0144 m\u0142odocianych i sk\u0142adek na ubezpieczenia spo\u0142eczne od tych wynagrodze\u0144 mo\u017ce si\u0119 ubiega\u0107 pracodawca, kt\u00f3ry zatrudnia m\u0142odocianych, je\u017celi spe\u0142nia \u0142\u0105cznie nast\u0119puj\u0105ce warunki:<\/p>\n<p><\/p>\n<ul>\n<li>zatrudnia m\u0142odocianych w zawodach okre\u015blonych w wykazie zawod\u00f3w og\u0142aszanym w wojew\u00f3dzkim dzienniku urz\u0119dowym,<\/li>\n<li>spe\u0142nia warunki do prowadzenia przygotowania zawodowego w zakresie wymaga\u0144 zawodowych i pedagogicznych okre\u015blonych w przepisach reguluj\u0105cych odbywanie przygotowania zawodowego.<\/li>\n<\/ul>\n<p><\/p>\n<p>Wnioski o zawarcie umowy o refundacj\u0119\u00a0 sporz\u0105dzane s\u0105 za po\u015brednictwem Cechu.<\/p>\n<p>Wniosek o zawarcie umowy dotycz\u0105cy m\u0142odocianych, kt\u00f3rzy dokszta\u0142caj\u0105 si\u0119 w formach szkolnych, pracodawca lub w jego imieniu organizacja zrzeszaj\u0105ca pracodawc\u00f3w mo\u017ce z\u0142o\u017cy\u0107 w Centrum Edukacji i Pracy M\u0142odzie\u017cy w terminie od 1 stycznia do 15 listopada ka\u017cdego roku. Natomiast wniosek o zawarcie umowy dotycz\u0105cy m\u0142odocianych, kt\u00f3rzy nie dokszta\u0142caj\u0105 si\u0119 w formach szkolnych, mo\u017ce by\u0107 sk\u0142adany w innych terminach og\u0142aszanych przez centrum edukacji w jego siedzibie.<\/p>\n<p><\/p>\n<p>Pracodawca otrzymuj\u0105cy refundacj\u0119 musi zobowi\u0105za\u0107 si\u0119 do zatrudniania na podstawie umowy o prac\u0119 wszystkich m\u0142odocianych finansowanych z Funduszu Pracy przez 6 miesi\u0119cy po zako\u0144czeniu przygotowania zawodowego.<\/p>\n<p><\/p>\n<p>Refundacja wynagrodze\u0144 m\u0142odocianych pracownik\u00f3w i sk\u0142adek na ubezpieczenie spo\u0142eczne od tych wynagrodze\u0144 nie przys\u0142uguje w przypadku powtarzania przez m\u0142odocianego roku nauki.<\/p>\n<p><\/p>\n<p>Przepisy okre\u015blaj\u0105 \u015bcis\u0142e limity w zakresie liczby m\u0142odocianych, kt\u00f3rzy mog\u0105 by\u0107 obj\u0119ci refundacj\u0105.\u00a0I tak, wniosek o zawarcie umowy mo\u017ce dotyczy\u0107:<\/p>\n<p><\/p>\n<ul>\n<li>nie wi\u0119cej ni\u017c trzech m\u0142odocianych, je\u017celi pracodawca zatrudnia wy\u0142\u0105cznie m\u0142odocianych,<\/li>\n<li>m\u0142odocianych w liczbie nieprzekraczaj\u0105cej trzykrotnej liczby zatrudnionych pracownik\u00f3w w przeliczeniu na pe\u0142ny wymiar czasu pracy na czas nieokre\u015blony nieb\u0119d\u0105cych m\u0142odocianymi.<\/li>\n<\/ul>\n<p><\/p>\n<p>Wysoko\u015b\u0107 refundacji jest okre\u015blona w przepisach. Zwrot \u015brodk\u00f3w na jednego pracownika m\u0142odocianego nie mo\u017ce przekroczy\u0107 wysoko\u015bci wynagrodzenia m\u0142odocianego ustalonego w przepisach oraz op\u0142acanych od tego wynagrodzenia sk\u0142adek na ubezpieczenia spo\u0142eczne finansowanych przez pracodawc\u0119.<\/p>\n<p>M\u0142odocianemu w okresie nauki zawodu przys\u0142uguje wynagrodzenie obliczane w stosunku procentowym do przeci\u0119tnego miesi\u0119cznego wynagrodzenia w gospodarce narodowej w poprzednim kwartale, obowi\u0105zuj\u0105ce od pierwszego dnia nast\u0119pnego miesi\u0105ca po og\u0142oszeniu przez Prezesa G\u0142\u00f3wnego Urz\u0119du Statystycznego w Dzienniku Urz\u0119dowym Rzeczypospolitej Polskiej &#8220;Monitor Polski&#8221;.<\/p>\n<p>Wynagrodzenie m\u0142odocianych jest zatem zmienne. W pierwszym roku nauki nie mniej ni\u017c 5% przeci\u0119tnego wynagrodzenia, w drugim roku nauki nie mniej ni\u017c 6% przeci\u0119tnego wynagrodzenia, w trzecim roku nauki nie mniej ni\u017c 7% przeci\u0119tnego wynagrodzenia. W przypadku przyuczenia do wykonywania okre\u015blonej pracy, procent refundowanego wynagrodzenia zawsze wynosi 4% bez wzgl\u0119du na rok nauki.<\/p>\n<p>_______________________________________________________________________________________<\/p>\n<p><\/p>\n<p><strong>DOKUMENTY POTRZEBNE DO OTRZYMANIA REFUNDACJI<\/strong><br \/><br \/>Ubiegaj\u0105c si\u0119 o wyp\u0142at\u0119 refundacji wynagrodze\u0144 pracownik\u00f3w m\u0142odocianych pracodawca sk\u0142ada w biurze Cechu <u>co kwarta\u0142<\/u> (licz\u0105c zawsze od wrze\u015bnia) nast\u0119puj\u0105ce dokumenty:<\/p>\n<ul>\n<li>wniosek o dokonanie refundacji;<\/li>\n<li>kopie list p\u0142ac wraz z pokwitowaniem odbioru wynagrodzenia przez ucznia;<\/li>\n<li>kopie dowodu op\u0142acenia sk\u0142adek na ubezpieczenie spo\u0142eczne;<\/li>\n<li>kopie deklaracji rozliczeniowej sk\u0142adek na ubezpieczenie spo\u0142eczne (druk DRA);<\/li>\n<li>kopie druk\u00f3w RCA i RSA (np. d\u0142ugotrwa\u0142e zwolnienie lekarskie lub urlop bezp\u0142atny)<\/li>\n<\/ul>\n<p>Do pobrania:<\/p>\n<p style=\"padding-left: 40px;\"><\/p>\t\t\t\t\t\t<\/div>\n\t\t\t\t<\/div>\n\t\t\t\t\t<\/div>\n\t\t<\/div>\n\t\t\t\t\t\t\t<\/div>\n\t\t<\/section>\n\t\t\t\t<section class=\"elementor-section elementor-top-section elementor-element elementor-element-4d23799 elementor-section-boxed elementor-section-height-default elementor-section-height-default\" data-id=\"4d23799\" data-element_type=\"section\">\n\t\t\t\t\t\t<div class=\"elementor-container elementor-column-gap-default\">\n\t\t\t\t\t<div class=\"elementor-column elementor-col-100 elementor-top-column elementor-element elementor-element-c5362d3\" data-id=\"c5362d3\" data-element_type=\"column\">\n\t\t\t<div class=\"elementor-widget-wrap elementor-element-populated\">\n\t\t\t\t\t\t\t\t<div class=\"elementor-element elementor-element-212ed15 elementor-icon-list--layout-traditional elementor-list-item-link-full_width elementor-widget elementor-widget-icon-list\" data-id=\"212ed15\" data-element_type=\"widget\" data-widget_type=\"icon-list.default\">\n\t\t\t\t<div class=\"elementor-widget-container\">\n\t\t\t\t\t<ul class=\"elementor-icon-list-items\">\n\t\t\t\t\t\t\t<li class=\"elementor-icon-list-item\">\n\t\t\t\t\t<a href=\"http:\/\/www.cech-zlotow.info\/www_new\/wp-content\/uploads\/2025\/01\/Wniosek-o-wyplate-refundacji-1.pdf\">\t\t\t\t\t\t<span class=\"elementor-icon-list-icon\">\n\t\t\t\t\t\t\t<i aria-hidden=\"true\" class=\"far fa-file-pdf\"><\/i>\t\t\t\t\t\t<\/span>\n\t\t\t\t\t\t\t\t\t\t<span class=\"elementor-icon-list-text\">Wniosek o wyp\u0142at\u0119 refundacji<\/span>\n\t\t\t\t\t\t\t\t\t\t\t<\/a>\n\t\t\t\t\t\t\t\t\t<\/li>\n\t\t\t\t\t\t<\/ul>\n\t\t\t\t<\/div>\n\t\t\t\t<\/div>\n\t\t\t\t\t<\/div>\n\t\t<\/div>\n\t\t\t\t\t\t\t<\/div>\n\t\t<\/section>\n\t\t\t\t\t\t<\/div>\n\t\t\t\t\t<\/div>\n\t\t","protected":false},"excerpt":{"rendered":"<p>Refundacja koszt\u00f3w zatrudnienia pracownik\u00f3w m\u0142odocianych O refundacj\u0119 wynagrodze\u0144 m\u0142odocianych i sk\u0142adek na ubezpieczenia spo\u0142eczne od tych wynagrodze\u0144 mo\u017ce si\u0119 ubiega\u0107 pracodawca, kt\u00f3ry zatrudnia m\u0142odocianych, je\u017celi spe\u0142nia \u0142\u0105cznie nast\u0119puj\u0105ce warunki: zatrudnia m\u0142odocianych w zawodach okre\u015blonych w wykazie zawod\u00f3w og\u0142aszanym w wojew\u00f3dzkim dzienniku urz\u0119dowym, spe\u0142nia warunki do prowadzenia przygotowania zawodowego w zakresie [&hellip;]<\/p>\n","protected":false},"author":1,"featured_media":540,"parent":0,"menu_order":0,"comment_status":"closed","ping_status":"closed","template":"","meta":[],"_links":{"self":[{"href":"https:\/\/www.cech-zlotow.info\/www_new\/wp-json\/wp\/v2\/pages\/542"}],"collection":[{"href":"https:\/\/www.cech-zlotow.info\/www_new\/wp-json\/wp\/v2\/pages"}],"about":[{"href":"https:\/\/www.cech-zlotow.info\/www_new\/wp-json\/wp\/v2\/types\/page"}],"author":[{"embeddable":true,"href":"https:\/\/www.cech-zlotow.info\/www_new\/wp-json\/wp\/v2\/users\/1"}],"replies":[{"embeddable":true,"href":"https:\/\/www.cech-zlotow.info\/www_new\/wp-json\/wp\/v2\/comments?post=542"}],"version-history":[{"count":43,"href":"https:\/\/www.cech-zlotow.info\/www_new\/wp-json\/wp\/v2\/pages\/542\/revisions"}],"predecessor-version":[{"id":2991,"href":"https:\/\/www.cech-zlotow.info\/www_new\/wp-json\/wp\/v2\/pages\/542\/revisions\/2991"}],"wp:featuredmedia":[{"embeddable":true,"href":"https:\/\/www.cech-zlotow.info\/www_new\/wp-json\/wp\/v2\/media\/540"}],"wp:attachment":[{"href":"https:\/\/www.cech-zlotow.info\/www_new\/wp-json\/wp\/v2\/media?parent=542"}],"curies":[{"name":"wp","href":"https:\/\/api.w.org\/{rel}","templated":true}]}}